{"id":329914,"date":"2024-03-01T18:35:57","date_gmt":"2024-03-01T17:35:57","guid":{"rendered":"https:\/\/gajostest.a2hosted.com\/eshop\/raven-esd-o1-src-poltopanka\/"},"modified":"2026-04-15T21:12:54","modified_gmt":"2026-04-15T19:12:54","slug":"raven-esd-o1-src-poltopanka","status":"publish","type":"product","link":"https:\/\/gajos.sk\/eshop\/p\/raven-esd-o1-src-poltopanka\/","title":{"rendered":"RAVEN ESD O1 SRC poltop\u00e1nka"},"content":{"rendered":"","protected":false},"excerpt":{"rendered":"<p>Pracovn\u00e9 ESD poltop\u00e1nky. Podo\u0161va z\u00a0jednohustotn\u00e9ho PU. Zvr\u0161ok z\u00a0inovat\u00edvneho mikrovl\u00e1kna, ktor\u00e9 zais\u0165uje u\u017e\u00edvate\u013eovi perfektn\u00fa priedu\u0161nos\u0165.<\/p>\n","protected":false},"featured_media":329916,"template":"","meta":{"_acf_changed":false,"inline_featured_image":false},"product_brand":[],"product_cat":[2142,2158],"product_tag":[1179],"class_list":{"0":"post-329914","1":"product","2":"type-product","3":"status-publish","4":"has-post-thumbnail","6":"product_cat-obuv","7":"product_cat-poltopanky","8":"product_tag-cerva","9":"pa_farba-cierna","10":"pa_farba-biela","11":"pa_velkost-3118","12":"pa_velkost-3119","13":"pa_velkost-3120","14":"pa_velkost-3125","15":"pa_velkost-3109","16":"pa_velkost-3110","17":"pa_velkost-3112","18":"pa_velkost-3114","19":"pa_velkost-3115","20":"pa_velkost-3116","21":"pa_velkost-3117","23":"first","24":"instock","25":"taxable","26":"shipping-taxable","27":"purchasable","28":"product-type-variable"},"acf":[],"_links":{"self":[{"href":"https:\/\/gajos.sk\/eshop\/wp-json\/wp\/v2\/product\/329914","targetHints":{"allow":["GET"]}}],"collection":[{"href":"https:\/\/gajos.sk\/eshop\/wp-json\/wp\/v2\/product"}],"about":[{"href":"https:\/\/gajos.sk\/eshop\/wp-json\/wp\/v2\/types\/product"}],"wp:featuredmedia":[{"embeddable":true,"href":"https:\/\/gajos.sk\/eshop\/wp-json\/wp\/v2\/media\/329916"}],"wp:attachment":[{"href":"https:\/\/gajos.sk\/eshop\/wp-json\/wp\/v2\/media?parent=329914"}],"wp:term":[{"taxonomy":"product_brand","embeddable":true,"href":"https:\/\/gajos.sk\/eshop\/wp-json\/wp\/v2\/product_brand?post=329914"},{"taxonomy":"product_cat","embeddable":true,"href":"https:\/\/gajos.sk\/eshop\/wp-json\/wp\/v2\/product_cat?post=329914"},{"taxonomy":"product_tag","embeddable":true,"href":"https:\/\/gajos.sk\/eshop\/wp-json\/wp\/v2\/product_tag?post=329914"}],"curies":[{"name":"wp","href":"https:\/\/api.w.org\/{rel}","templated":true}]}}