{"id":329852,"date":"2024-03-01T18:35:42","date_gmt":"2024-03-01T17:35:42","guid":{"rendered":"https:\/\/gajostest.a2hosted.com\/eshop\/niers-s3-src-poltopanka\/"},"modified":"2026-04-11T17:47:22","modified_gmt":"2026-04-11T15:47:22","slug":"niers-s3-src-poltopanka","status":"publish","type":"product","link":"https:\/\/gajos.sk\/eshop\/p\/niers-s3-src-poltopanka\/","title":{"rendered":"NIERS S3 SRC poltop\u00e1nka"},"content":{"rendered":"","protected":false},"excerpt":{"rendered":"<p>Klasick\u00e9 bezpe\u010dnostn\u00e9 poltop\u00e1nky s oce\u013eovou tu\u017einkou v \u0161pi\u010dke, ktor\u00e1 chr\u00e1ni pred stla\u010den\u00edm silou do 15 kN alebo p\u00e1dom bremena s v\u00e1hou do 20 kg z v\u00fd\u0161ky 1 m. Antistatick\u00e1 robustn\u00e1 podo\u0161va vyroben\u00e1 z dvojhustotn\u00e9ho polyuret\u00e1nu garantuje nie len komfort, ale aj bezpe\u010die v\u010faka oce\u013eovej stielke proti prepichnutiu a proti\u0161mykov\u00fdm vlastnostiam podr\u00e1\u017eky, ktor\u00e1 je navy\u0161e rezistentn\u00e1 vo\u010di olejom a oderu. Zvr\u0161ok odoln\u00fd vo\u010di prieniku a absorpcie vody je vyroben\u00fd z pr\u00edrodnej \u0161tiepenkovej ko\u017ee a vn\u00fatorn\u00e1 pod\u0161\u00edvka z priedu\u0161n\u00e9ho polyesteru. Tento model v\u010faka skvel\u00e9mu pomeru cena\/kvalita spracovania dok\u00e1\u017ee uspokoji\u0165 po\u017eiadavky v\u0161etk\u00fdch z\u00e1kazn\u00edkov.<\/p>\n","protected":false},"featured_media":329854,"template":"","meta":{"_acf_changed":false,"inline_featured_image":false},"product_brand":[],"product_cat":[2142,2158],"product_tag":[1274],"class_list":{"0":"post-329852","1":"product","2":"type-product","3":"status-publish","4":"has-post-thumbnail","6":"product_cat-obuv","7":"product_cat-poltopanky","8":"product_tag-safeworker","9":"pa_farba-cierna","10":"pa_velkost-3119","11":"pa_velkost-3120","13":"first","14":"instock","15":"taxable","16":"shipping-taxable","17":"product-type-variable"},"acf":[],"_links":{"self":[{"href":"https:\/\/gajos.sk\/eshop\/wp-json\/wp\/v2\/product\/329852","targetHints":{"allow":["GET"]}}],"collection":[{"href":"https:\/\/gajos.sk\/eshop\/wp-json\/wp\/v2\/product"}],"about":[{"href":"https:\/\/gajos.sk\/eshop\/wp-json\/wp\/v2\/types\/product"}],"wp:featuredmedia":[{"embeddable":true,"href":"https:\/\/gajos.sk\/eshop\/wp-json\/wp\/v2\/media\/329854"}],"wp:attachment":[{"href":"https:\/\/gajos.sk\/eshop\/wp-json\/wp\/v2\/media?parent=329852"}],"wp:term":[{"taxonomy":"product_brand","embeddable":true,"href":"https:\/\/gajos.sk\/eshop\/wp-json\/wp\/v2\/product_brand?post=329852"},{"taxonomy":"product_cat","embeddable":true,"href":"https:\/\/gajos.sk\/eshop\/wp-json\/wp\/v2\/product_cat?post=329852"},{"taxonomy":"product_tag","embeddable":true,"href":"https:\/\/gajos.sk\/eshop\/wp-json\/wp\/v2\/product_tag?post=329852"}],"curies":[{"name":"wp","href":"https:\/\/api.w.org\/{rel}","templated":true}]}}