{"id":329827,"date":"2024-03-01T18:35:35","date_gmt":"2024-03-01T17:35:35","guid":{"rendered":"https:\/\/gajostest.a2hosted.com\/eshop\/coach-mf-s1p-src-poltopanka\/"},"modified":"2026-04-30T21:08:48","modified_gmt":"2026-04-30T19:08:48","slug":"coach-mf-s1p-src-poltopanka","status":"publish","type":"product","link":"https:\/\/gajos.sk\/eshop\/p\/coach-mf-s1p-src-poltopanka\/","title":{"rendered":"COACH MF S1P SRC poltop\u00e1nka"},"content":{"rendered":"","protected":false},"excerpt":{"rendered":"<p>Bezpe\u010dnostn\u00e1 poltop\u00e1nka v \u0161portovom dizajne, ide\u00e1lna pre pr\u00e1cu vo vn\u00fatorn\u00fdch priestoroch. Obuv je vybaven\u00e1 kompozitnou \u0161pi\u010dkou, ktor\u00e1 chr\u00e1ni prsty pred p\u00e1dom bremena a kevlarovou stielkou proti prepichnutiu. Zvr\u0161ok je vyroben\u00fd z kombin\u00e1cie kvalitnej ko\u017ee a sie\u0165oviny s vynikaj\u00facou priedu\u0161nos\u0165ou. Podr\u00e1\u017eka s vysok\u00fdmi proti\u0161mykov\u00fdmi vlastnos\u0165ami je vyroben\u00e1 z modern\u00e9ho, ultra\u013eahk\u00e9ho ale z\u00e1rove\u0148 odoln\u00e9ho materi\u00e1lu pyl\u00f3n, ktor\u00fd bol pou\u017eit\u00fd na medzipodr\u00e1\u017eku. Medzi v\u00fdhody tohto materi\u00e1lu patr\u00ed nielen to, \u017ee obuv je \u013eahk\u00e1 a pevn\u00e1, ale aj ve\u013emi vzdu\u0161n\u00e1, \u010do zabra\u0148uje tomu, aby sa nohy zaparili. D\u00f4le\u017eit\u00fdm faktorom je, \u017ee tento materi\u00e1l absorbuje v oblasti p\u00e4ty naj\u0165a\u017e\u0161ie n\u00e1razy, \u010do je presne oblas\u0165, kde sa to hod\u00ed najviac. Spodn\u00e1 \u010das\u0165 podo\u0161vy je vyroben\u00e1 z gumy, ktor\u00e1 je op\u00e4\u0165 jedn\u00fdm z najodolnej\u0161\u00edch materi\u00e1lov pou\u017e\u00edvan\u00fdch na v\u00fdrobu obuvi.<\/p>\n","protected":false},"featured_media":329829,"template":"","meta":{"_acf_changed":false,"inline_featured_image":false},"product_brand":[],"product_cat":[2142,2158],"product_tag":[1179],"class_list":{"0":"post-329827","1":"product","2":"type-product","3":"status-publish","4":"has-post-thumbnail","6":"product_cat-obuv","7":"product_cat-poltopanky","8":"product_tag-cerva","9":"pa_farba-sv-modra","10":"pa_velkost-3109","11":"pa_velkost-3120","12":"pa_velkost-3110","13":"pa_velkost-3111","14":"pa_velkost-3112","15":"pa_velkost-3113","16":"pa_velkost-3114","17":"pa_velkost-3115","18":"pa_velkost-3116","19":"pa_velkost-3117","20":"pa_velkost-3118","21":"pa_velkost-3119","23":"first","24":"instock","25":"taxable","26":"shipping-taxable","27":"purchasable","28":"product-type-variable"},"acf":[],"_links":{"self":[{"href":"https:\/\/gajos.sk\/eshop\/wp-json\/wp\/v2\/product\/329827","targetHints":{"allow":["GET"]}}],"collection":[{"href":"https:\/\/gajos.sk\/eshop\/wp-json\/wp\/v2\/product"}],"about":[{"href":"https:\/\/gajos.sk\/eshop\/wp-json\/wp\/v2\/types\/product"}],"wp:featuredmedia":[{"embeddable":true,"href":"https:\/\/gajos.sk\/eshop\/wp-json\/wp\/v2\/media\/329829"}],"wp:attachment":[{"href":"https:\/\/gajos.sk\/eshop\/wp-json\/wp\/v2\/media?parent=329827"}],"wp:term":[{"taxonomy":"product_brand","embeddable":true,"href":"https:\/\/gajos.sk\/eshop\/wp-json\/wp\/v2\/product_brand?post=329827"},{"taxonomy":"product_cat","embeddable":true,"href":"https:\/\/gajos.sk\/eshop\/wp-json\/wp\/v2\/product_cat?post=329827"},{"taxonomy":"product_tag","embeddable":true,"href":"https:\/\/gajos.sk\/eshop\/wp-json\/wp\/v2\/product_tag?post=329827"}],"curies":[{"name":"wp","href":"https:\/\/api.w.org\/{rel}","templated":true}]}}