{"id":329810,"date":"2024-03-01T18:35:31","date_gmt":"2024-03-01T17:35:31","guid":{"rendered":"https:\/\/gajostest.a2hosted.com\/eshop\/halwill-mf-esd-s1p-src-poltop\/"},"modified":"2026-04-30T21:08:48","modified_gmt":"2026-04-30T19:08:48","slug":"halwill-mf-esd-s1p-src-poltop","status":"publish","type":"product","link":"https:\/\/gajos.sk\/eshop\/p\/halwill-mf-esd-s1p-src-poltop\/","title":{"rendered":"HALWILL MF ESD S1P SRC poltop."},"content":{"rendered":"","protected":false},"excerpt":{"rendered":"<p>Bezpe\u010dnostn\u00e9 ESD poltop\u00e1nky s\u00a0nekovovou tu\u017einkou a\u00a0aramidovou stielkou odolnou proti prepichnutiu. Podo\u0161va z\u00a0dvojhustotn\u00e9ho PU. Zvr\u0161ok z\u00a0inovat\u00edvneho mikrovl\u00e1kna, ktor\u00e9 zais\u0165uje u\u017e\u00edvate\u013eovi perfektn\u00fa priedu\u0161nos\u0165.<\/p>\n","protected":false},"featured_media":329812,"template":"","meta":{"_acf_changed":false,"inline_featured_image":false},"product_brand":[],"product_cat":[2142,2158],"product_tag":[1179],"class_list":{"0":"post-329810","1":"product","2":"type-product","3":"status-publish","4":"has-post-thumbnail","6":"product_cat-obuv","7":"product_cat-poltopanky","8":"product_tag-cerva","9":"pa_farba-cierna","10":"pa_velkost-3114","11":"pa_velkost-3115","12":"pa_velkost-3116","13":"pa_velkost-3117","14":"pa_velkost-3118","15":"pa_velkost-3119","16":"pa_velkost-3109","17":"pa_velkost-3120","18":"pa_velkost-3110","19":"pa_velkost-3121","20":"pa_velkost-3111","21":"pa_velkost-3124","22":"pa_velkost-3112","23":"pa_velkost-3125","24":"pa_velkost-3113","25":"pa_velkost-3195","27":"first","28":"instock","29":"taxable","30":"shipping-taxable","31":"purchasable","32":"product-type-variable"},"acf":[],"_links":{"self":[{"href":"https:\/\/gajos.sk\/eshop\/wp-json\/wp\/v2\/product\/329810","targetHints":{"allow":["GET"]}}],"collection":[{"href":"https:\/\/gajos.sk\/eshop\/wp-json\/wp\/v2\/product"}],"about":[{"href":"https:\/\/gajos.sk\/eshop\/wp-json\/wp\/v2\/types\/product"}],"wp:featuredmedia":[{"embeddable":true,"href":"https:\/\/gajos.sk\/eshop\/wp-json\/wp\/v2\/media\/329812"}],"wp:attachment":[{"href":"https:\/\/gajos.sk\/eshop\/wp-json\/wp\/v2\/media?parent=329810"}],"wp:term":[{"taxonomy":"product_brand","embeddable":true,"href":"https:\/\/gajos.sk\/eshop\/wp-json\/wp\/v2\/product_brand?post=329810"},{"taxonomy":"product_cat","embeddable":true,"href":"https:\/\/gajos.sk\/eshop\/wp-json\/wp\/v2\/product_cat?post=329810"},{"taxonomy":"product_tag","embeddable":true,"href":"https:\/\/gajos.sk\/eshop\/wp-json\/wp\/v2\/product_tag?post=329810"}],"curies":[{"name":"wp","href":"https:\/\/api.w.org\/{rel}","templated":true}]}}