{"id":329765,"date":"2024-03-01T18:35:20","date_gmt":"2024-03-01T17:35:20","guid":{"rendered":"https:\/\/gajostest.a2hosted.com\/eshop\/raven-xt-s1p-src-poltopanka\/"},"modified":"2026-04-15T21:12:54","modified_gmt":"2026-04-15T19:12:54","slug":"raven-xt-s1p-src-poltopanka","status":"publish","type":"product","link":"https:\/\/gajos.sk\/eshop\/p\/raven-xt-s1p-src-poltopanka\/","title":{"rendered":"RAVEN XT S1P SRC poltop\u00e1nka"},"content":{"rendered":"","protected":false},"excerpt":{"rendered":"<p>Bezpe\u010dnostn\u00e1 poltop\u00e1nka s kovovou bezpe\u010dnostnou \u0161picou. Podo\u0161va z dvoj- hustotn\u00e9ho PU s mas\u00edvnou ochranou proti okopu. SRC podo\u0161va odoln\u00e1 vo\u010di olejom. Zvr\u0161ok z ko\u017ee.<\/p>\n","protected":false},"featured_media":329767,"template":"","meta":{"_acf_changed":false,"inline_featured_image":false},"product_brand":[],"product_cat":[2142,2158],"product_tag":[1179],"class_list":{"0":"post-329765","1":"product","2":"type-product","3":"status-publish","4":"has-post-thumbnail","6":"product_cat-obuv","7":"product_cat-poltopanky","8":"product_tag-cerva","9":"pa_farba-cierna","10":"pa_velkost-3119","11":"pa_velkost-3109","12":"pa_velkost-3120","13":"pa_velkost-3110","14":"pa_velkost-3121","15":"pa_velkost-3111","16":"pa_velkost-3112","17":"pa_velkost-3113","18":"pa_velkost-3114","19":"pa_velkost-3115","20":"pa_velkost-3116","21":"pa_velkost-3117","22":"pa_velkost-3118","24":"first","25":"instock","26":"taxable","27":"shipping-taxable","28":"purchasable","29":"product-type-variable"},"acf":[],"_links":{"self":[{"href":"https:\/\/gajos.sk\/eshop\/wp-json\/wp\/v2\/product\/329765","targetHints":{"allow":["GET"]}}],"collection":[{"href":"https:\/\/gajos.sk\/eshop\/wp-json\/wp\/v2\/product"}],"about":[{"href":"https:\/\/gajos.sk\/eshop\/wp-json\/wp\/v2\/types\/product"}],"wp:featuredmedia":[{"embeddable":true,"href":"https:\/\/gajos.sk\/eshop\/wp-json\/wp\/v2\/media\/329767"}],"wp:attachment":[{"href":"https:\/\/gajos.sk\/eshop\/wp-json\/wp\/v2\/media?parent=329765"}],"wp:term":[{"taxonomy":"product_brand","embeddable":true,"href":"https:\/\/gajos.sk\/eshop\/wp-json\/wp\/v2\/product_brand?post=329765"},{"taxonomy":"product_cat","embeddable":true,"href":"https:\/\/gajos.sk\/eshop\/wp-json\/wp\/v2\/product_cat?post=329765"},{"taxonomy":"product_tag","embeddable":true,"href":"https:\/\/gajos.sk\/eshop\/wp-json\/wp\/v2\/product_tag?post=329765"}],"curies":[{"name":"wp","href":"https:\/\/api.w.org\/{rel}","templated":true}]}}