{"id":329733,"date":"2024-03-01T18:35:10","date_gmt":"2024-03-01T17:35:10","guid":{"rendered":"https:\/\/gajostest.a2hosted.com\/eshop\/panda-top-classic-victor-o2-low-src\/"},"modified":"2026-04-30T21:08:48","modified_gmt":"2026-04-30T19:08:48","slug":"panda-top-classic-victor-o2-low-src","status":"publish","type":"product","link":"https:\/\/gajos.sk\/eshop\/p\/panda-top-classic-victor-o2-low-src\/","title":{"rendered":"PANDA TOP CLASSIC VICTOR O2 low SRC"},"content":{"rendered":"","protected":false},"excerpt":{"rendered":"<p>Pracovn\u00e1 poltop\u00e1nka. Podo\u0161va &#8211; PU\/TPU. SRC podo\u0161va odoln\u00e1 vo\u010di olejom. Zvr\u0161ok z vodeodolnej ko\u017ee.<\/p>\n","protected":false},"featured_media":329735,"template":"","meta":{"_acf_changed":false,"inline_featured_image":false},"product_brand":[],"product_cat":[2142,2158],"product_tag":[2207],"class_list":{"0":"post-329733","1":"product","2":"type-product","3":"status-publish","4":"has-post-thumbnail","6":"product_cat-obuv","7":"product_cat-poltopanky","8":"product_tag-panda-safety","9":"pa_farba-cierna","10":"pa_velkost-3110","11":"pa_velkost-3117","12":"pa_velkost-3118","13":"pa_velkost-3119","14":"pa_velkost-3120","15":"pa_velkost-3121","17":"first","18":"instock","19":"taxable","20":"shipping-taxable","21":"purchasable","22":"product-type-variable"},"acf":[],"_links":{"self":[{"href":"https:\/\/gajos.sk\/eshop\/wp-json\/wp\/v2\/product\/329733","targetHints":{"allow":["GET"]}}],"collection":[{"href":"https:\/\/gajos.sk\/eshop\/wp-json\/wp\/v2\/product"}],"about":[{"href":"https:\/\/gajos.sk\/eshop\/wp-json\/wp\/v2\/types\/product"}],"wp:featuredmedia":[{"embeddable":true,"href":"https:\/\/gajos.sk\/eshop\/wp-json\/wp\/v2\/media\/329735"}],"wp:attachment":[{"href":"https:\/\/gajos.sk\/eshop\/wp-json\/wp\/v2\/media?parent=329733"}],"wp:term":[{"taxonomy":"product_brand","embeddable":true,"href":"https:\/\/gajos.sk\/eshop\/wp-json\/wp\/v2\/product_brand?post=329733"},{"taxonomy":"product_cat","embeddable":true,"href":"https:\/\/gajos.sk\/eshop\/wp-json\/wp\/v2\/product_cat?post=329733"},{"taxonomy":"product_tag","embeddable":true,"href":"https:\/\/gajos.sk\/eshop\/wp-json\/wp\/v2\/product_tag?post=329733"}],"curies":[{"name":"wp","href":"https:\/\/api.w.org\/{rel}","templated":true}]}}