{"id":329714,"date":"2024-03-01T18:35:04","date_gmt":"2024-03-01T17:35:04","guid":{"rendered":"https:\/\/gajostest.a2hosted.com\/eshop\/tresmorn-mf-s1p-src-poltopanka\/"},"modified":"2026-04-11T17:47:20","modified_gmt":"2026-04-11T15:47:20","slug":"tresmorn-mf-s1p-src-poltopanka","status":"publish","type":"product","link":"https:\/\/gajos.sk\/eshop\/p\/tresmorn-mf-s1p-src-poltopanka\/","title":{"rendered":"TRESMORN MF S1P SRC poltop\u00e1nka"},"content":{"rendered":"","protected":false},"excerpt":{"rendered":"<p>Bezpe\u010dnostn\u00e1 poltop\u00e1nka s nekovovou tu\u017einkou a stielkou odolnou proti prepichnutiu. Gumov\u00e1 podo\u0161va rezistentn\u00e1 olejom. Zvr\u0161ok v kombin\u00e1cii br\u00fasenej ko\u017ee a textiln\u00fdch materi\u00e1lov.<\/p>\n","protected":false},"featured_media":329716,"template":"","meta":{"_acf_changed":false,"inline_featured_image":false},"product_brand":[],"product_cat":[2142,2158],"product_tag":[1179],"class_list":{"0":"post-329714","1":"product","2":"type-product","3":"status-publish","4":"has-post-thumbnail","6":"product_cat-obuv","7":"product_cat-poltopanky","8":"product_tag-cerva","9":"pa_farba-cierna","10":"pa_velkost-3110","11":"pa_velkost-3111","12":"pa_velkost-3112","13":"pa_velkost-3116","14":"pa_velkost-3117","16":"first","17":"instock","18":"taxable","19":"shipping-taxable","20":"product-type-variable"},"acf":[],"_links":{"self":[{"href":"https:\/\/gajos.sk\/eshop\/wp-json\/wp\/v2\/product\/329714","targetHints":{"allow":["GET"]}}],"collection":[{"href":"https:\/\/gajos.sk\/eshop\/wp-json\/wp\/v2\/product"}],"about":[{"href":"https:\/\/gajos.sk\/eshop\/wp-json\/wp\/v2\/types\/product"}],"wp:featuredmedia":[{"embeddable":true,"href":"https:\/\/gajos.sk\/eshop\/wp-json\/wp\/v2\/media\/329716"}],"wp:attachment":[{"href":"https:\/\/gajos.sk\/eshop\/wp-json\/wp\/v2\/media?parent=329714"}],"wp:term":[{"taxonomy":"product_brand","embeddable":true,"href":"https:\/\/gajos.sk\/eshop\/wp-json\/wp\/v2\/product_brand?post=329714"},{"taxonomy":"product_cat","embeddable":true,"href":"https:\/\/gajos.sk\/eshop\/wp-json\/wp\/v2\/product_cat?post=329714"},{"taxonomy":"product_tag","embeddable":true,"href":"https:\/\/gajos.sk\/eshop\/wp-json\/wp\/v2\/product_tag?post=329714"}],"curies":[{"name":"wp","href":"https:\/\/api.w.org\/{rel}","templated":true}]}}