{"id":329690,"date":"2024-03-01T18:33:56","date_gmt":"2024-03-01T17:33:56","guid":{"rendered":"https:\/\/gajostest.a2hosted.com\/eshop\/issey-green-mf-s1p-src-poltopanka\/"},"modified":"2026-04-11T17:47:20","modified_gmt":"2026-04-11T15:47:20","slug":"issey-green-mf-s1p-src-poltopanka","status":"publish","type":"product","link":"https:\/\/gajos.sk\/eshop\/p\/issey-green-mf-s1p-src-poltopanka\/","title":{"rendered":"ISSEY GREEN MF S1P SRC poltop\u00e1nka"},"content":{"rendered":"","protected":false},"excerpt":{"rendered":"<p>Bezpe\u010dnostn\u00e1  poltop\u00e1nka s\u00a0kompozitnou bezpe\u010dnostnou \u0161picou a\u00a0stielkou odolnou vo\u010di prepichnutiu. PU\/PU podo\u0161va rezistentn\u00e1 vo\u010di olejom, vysok\u00e1 odolnos\u0165 vo\u010di po\u0161myknutiu. Zvr\u0161ok z\u00a0vysoko priedu\u0161n\u00e9ho materi\u00e1lu.<\/p>\n","protected":false},"featured_media":329692,"template":"","meta":{"_acf_changed":false,"inline_featured_image":false},"product_brand":[],"product_cat":[2142,2158],"product_tag":[1179],"class_list":{"0":"post-329690","1":"product","2":"type-product","3":"status-publish","4":"has-post-thumbnail","6":"product_cat-obuv","7":"product_cat-poltopanky","8":"product_tag-cerva","9":"pa_velkost-3111","10":"pa_velkost-3112","11":"pa_velkost-3113","12":"pa_velkost-3115","13":"pa_velkost-3116","15":"first","16":"instock","17":"taxable","18":"shipping-taxable","19":"purchasable","20":"product-type-variable"},"acf":[],"_links":{"self":[{"href":"https:\/\/gajos.sk\/eshop\/wp-json\/wp\/v2\/product\/329690","targetHints":{"allow":["GET"]}}],"collection":[{"href":"https:\/\/gajos.sk\/eshop\/wp-json\/wp\/v2\/product"}],"about":[{"href":"https:\/\/gajos.sk\/eshop\/wp-json\/wp\/v2\/types\/product"}],"wp:featuredmedia":[{"embeddable":true,"href":"https:\/\/gajos.sk\/eshop\/wp-json\/wp\/v2\/media\/329692"}],"wp:attachment":[{"href":"https:\/\/gajos.sk\/eshop\/wp-json\/wp\/v2\/media?parent=329690"}],"wp:term":[{"taxonomy":"product_brand","embeddable":true,"href":"https:\/\/gajos.sk\/eshop\/wp-json\/wp\/v2\/product_brand?post=329690"},{"taxonomy":"product_cat","embeddable":true,"href":"https:\/\/gajos.sk\/eshop\/wp-json\/wp\/v2\/product_cat?post=329690"},{"taxonomy":"product_tag","embeddable":true,"href":"https:\/\/gajos.sk\/eshop\/wp-json\/wp\/v2\/product_tag?post=329690"}],"curies":[{"name":"wp","href":"https:\/\/api.w.org\/{rel}","templated":true}]}}