{"id":329679,"date":"2024-03-01T18:33:53","date_gmt":"2024-03-01T17:33:53","guid":{"rendered":"https:\/\/gajostest.a2hosted.com\/eshop\/oxford-s3-srb-poltopanka\/"},"modified":"2026-04-25T21:10:47","modified_gmt":"2026-04-25T19:10:47","slug":"oxford-s3-srb-poltopanka","status":"publish","type":"product","link":"https:\/\/gajos.sk\/eshop\/p\/oxford-s3-srb-poltopanka\/","title":{"rendered":"OXFORD S3 SRB poltop\u00e1nka"},"content":{"rendered":"","protected":false},"excerpt":{"rendered":"<p>Bezpe\u010dnostn\u00e1 mana\u017eersk\u00e1 poltop\u00e1nka s\u00a0kovovou tu\u017einkou a\u00a0Kevlarovou stielkou odolnou proti propichnutiu. PU podr\u00e1\u017eka rezistentn\u00e1 olejom, vysok\u00e1 odolnos\u0165 v\u00f4\u010di po\u0161myknutiu. Zvr\u0161ok z\u00a0kvalitnej ko\u017ee.<\/p>\n","protected":false},"featured_media":329681,"template":"","meta":{"_acf_changed":false,"inline_featured_image":false},"product_brand":[],"product_cat":[2142,2158],"product_tag":[1198],"class_list":{"0":"post-329679","1":"product","2":"type-product","3":"status-publish","4":"has-post-thumbnail","6":"product_cat-obuv","7":"product_cat-poltopanky","8":"product_tag-to-work-for","9":"pa_farba-cierna","10":"pa_velkost-3115","11":"pa_velkost-3116","12":"pa_velkost-3117","13":"pa_velkost-3109","14":"pa_velkost-3110","15":"pa_velkost-3111","16":"pa_velkost-3112","17":"pa_velkost-3113","18":"pa_velkost-3114","20":"first","21":"instock","22":"taxable","23":"shipping-taxable","24":"purchasable","25":"product-type-variable"},"acf":[],"_links":{"self":[{"href":"https:\/\/gajos.sk\/eshop\/wp-json\/wp\/v2\/product\/329679","targetHints":{"allow":["GET"]}}],"collection":[{"href":"https:\/\/gajos.sk\/eshop\/wp-json\/wp\/v2\/product"}],"about":[{"href":"https:\/\/gajos.sk\/eshop\/wp-json\/wp\/v2\/types\/product"}],"wp:featuredmedia":[{"embeddable":true,"href":"https:\/\/gajos.sk\/eshop\/wp-json\/wp\/v2\/media\/329681"}],"wp:attachment":[{"href":"https:\/\/gajos.sk\/eshop\/wp-json\/wp\/v2\/media?parent=329679"}],"wp:term":[{"taxonomy":"product_brand","embeddable":true,"href":"https:\/\/gajos.sk\/eshop\/wp-json\/wp\/v2\/product_brand?post=329679"},{"taxonomy":"product_cat","embeddable":true,"href":"https:\/\/gajos.sk\/eshop\/wp-json\/wp\/v2\/product_cat?post=329679"},{"taxonomy":"product_tag","embeddable":true,"href":"https:\/\/gajos.sk\/eshop\/wp-json\/wp\/v2\/product_tag?post=329679"}],"curies":[{"name":"wp","href":"https:\/\/api.w.org\/{rel}","templated":true}]}}