{"id":329615,"date":"2024-03-01T18:33:33","date_gmt":"2024-03-01T17:33:33","guid":{"rendered":"https:\/\/gajostest.a2hosted.com\/eshop\/raven-s2-src-poltopanka\/"},"modified":"2026-04-11T17:47:19","modified_gmt":"2026-04-11T15:47:19","slug":"raven-s2-src-poltopanka","status":"publish","type":"product","link":"https:\/\/gajos.sk\/eshop\/p\/raven-s2-src-poltopanka\/","title":{"rendered":"RAVEN S2 SRC poltop\u00e1nka"},"content":{"rendered":"","protected":false},"excerpt":{"rendered":"<p>Bezpe\u010dnostn\u00e1 obuv s bezpe\u010dnostnou \u0161picou. PU jednohustotn\u00e1 antistatick\u00e1 proti\u0161mykov\u00e1 podo\u0161va rezistentn\u00e1 vo\u010di olejom a oderu, s absorpciou energie v p\u00e4te. Zvr\u0161ok \u2013 vodeodoln\u00e9 mikrovl\u00e1kno, priedu\u0161n\u00e1 pod\u0161\u00edvka s antibakteri\u00e1lnymi vlastnos\u0165ami.<\/p>\n","protected":false},"featured_media":329617,"template":"","meta":{"_acf_changed":false,"inline_featured_image":false},"product_brand":[],"product_cat":[2142,2158],"product_tag":[1179],"class_list":{"0":"post-329615","1":"product","2":"type-product","3":"status-publish","4":"has-post-thumbnail","6":"product_cat-obuv","7":"product_cat-poltopanky","8":"product_tag-cerva","9":"pa_farba-biela","10":"pa_velkost-3111","11":"pa_velkost-3117","12":"pa_velkost-3119","13":"pa_velkost-3120","14":"pa_velkost-3125","16":"first","17":"instock","18":"taxable","19":"shipping-taxable","20":"product-type-variable"},"acf":[],"_links":{"self":[{"href":"https:\/\/gajos.sk\/eshop\/wp-json\/wp\/v2\/product\/329615","targetHints":{"allow":["GET"]}}],"collection":[{"href":"https:\/\/gajos.sk\/eshop\/wp-json\/wp\/v2\/product"}],"about":[{"href":"https:\/\/gajos.sk\/eshop\/wp-json\/wp\/v2\/types\/product"}],"wp:featuredmedia":[{"embeddable":true,"href":"https:\/\/gajos.sk\/eshop\/wp-json\/wp\/v2\/media\/329617"}],"wp:attachment":[{"href":"https:\/\/gajos.sk\/eshop\/wp-json\/wp\/v2\/media?parent=329615"}],"wp:term":[{"taxonomy":"product_brand","embeddable":true,"href":"https:\/\/gajos.sk\/eshop\/wp-json\/wp\/v2\/product_brand?post=329615"},{"taxonomy":"product_cat","embeddable":true,"href":"https:\/\/gajos.sk\/eshop\/wp-json\/wp\/v2\/product_cat?post=329615"},{"taxonomy":"product_tag","embeddable":true,"href":"https:\/\/gajos.sk\/eshop\/wp-json\/wp\/v2\/product_tag?post=329615"}],"curies":[{"name":"wp","href":"https:\/\/api.w.org\/{rel}","templated":true}]}}