{"id":329408,"date":"2024-03-01T18:31:35","date_gmt":"2024-03-01T17:31:35","guid":{"rendered":"https:\/\/gajostest.a2hosted.com\/eshop\/beta-s1p-src-poltopanka\/"},"modified":"2026-04-11T17:47:18","modified_gmt":"2026-04-11T15:47:18","slug":"beta-s1p-src-poltopanka","status":"publish","type":"product","link":"https:\/\/gajos.sk\/eshop\/p\/beta-s1p-src-poltopanka\/","title":{"rendered":"BETA S1P SRC poltop\u00e1nka"},"content":{"rendered":"","protected":false},"excerpt":{"rendered":"<p>Bezpe\u010dnostn\u00e9 poltop\u00e1nky s oce\u013eovou bezpe\u010dnostnou \u0161picou, stielkou odolnou vo\u010di prepichnutiu, antistatickou a proti\u0161mykovou PU\/PU podo\u0161vou rezistentnou vo\u010di pohonn\u00fdm hmot\u00e1m, absorpciou energie v p\u00e4te a zvr\u0161kom z priedu\u0161nej ko\u017ee.<\/p>\n","protected":false},"featured_media":329410,"template":"","meta":{"_acf_changed":false,"inline_featured_image":false},"product_brand":[],"product_cat":[2142,2158],"product_tag":[2207],"class_list":{"0":"post-329408","1":"product","2":"type-product","3":"status-publish","4":"has-post-thumbnail","6":"product_cat-obuv","7":"product_cat-poltopanky","8":"product_tag-panda-safety","9":"pa_velkost-3116","10":"pa_velkost-3117","11":"pa_velkost-3118","12":"pa_velkost-3119","13":"pa_velkost-3109","14":"pa_velkost-3120","15":"pa_velkost-3110","16":"pa_velkost-3121","17":"pa_velkost-3111","18":"pa_velkost-3112","19":"pa_velkost-3113","20":"pa_velkost-3114","21":"pa_velkost-3115","23":"first","24":"instock","25":"taxable","26":"shipping-taxable","27":"purchasable","28":"product-type-variable"},"acf":[],"_links":{"self":[{"href":"https:\/\/gajos.sk\/eshop\/wp-json\/wp\/v2\/product\/329408","targetHints":{"allow":["GET"]}}],"collection":[{"href":"https:\/\/gajos.sk\/eshop\/wp-json\/wp\/v2\/product"}],"about":[{"href":"https:\/\/gajos.sk\/eshop\/wp-json\/wp\/v2\/types\/product"}],"wp:featuredmedia":[{"embeddable":true,"href":"https:\/\/gajos.sk\/eshop\/wp-json\/wp\/v2\/media\/329410"}],"wp:attachment":[{"href":"https:\/\/gajos.sk\/eshop\/wp-json\/wp\/v2\/media?parent=329408"}],"wp:term":[{"taxonomy":"product_brand","embeddable":true,"href":"https:\/\/gajos.sk\/eshop\/wp-json\/wp\/v2\/product_brand?post=329408"},{"taxonomy":"product_cat","embeddable":true,"href":"https:\/\/gajos.sk\/eshop\/wp-json\/wp\/v2\/product_cat?post=329408"},{"taxonomy":"product_tag","embeddable":true,"href":"https:\/\/gajos.sk\/eshop\/wp-json\/wp\/v2\/product_tag?post=329408"}],"curies":[{"name":"wp","href":"https:\/\/api.w.org\/{rel}","templated":true}]}}