{"id":329293,"date":"2024-03-01T18:31:07","date_gmt":"2024-03-01T17:31:07","guid":{"rendered":"https:\/\/gajostest.a2hosted.com\/eshop\/brio-s3-src-poltopanka\/"},"modified":"2026-04-11T17:47:17","modified_gmt":"2026-04-11T15:47:17","slug":"brio-s3-src-poltopanka","status":"publish","type":"product","link":"https:\/\/gajos.sk\/eshop\/p\/brio-s3-src-poltopanka\/","title":{"rendered":"BRIO S3 SRC poltop\u00e1nka"},"content":{"rendered":"","protected":false},"excerpt":{"rendered":"<p>Bezpe\u010dnostn\u00e9 poltop\u00e1nky v\u00a0modernom designe s\u00a0nekovovou tu\u017einkou aj\u00a0stielkou odolnou proti prepichnutiu, antistatickou a\u00a0proti\u0161mykovou PU\/TPU podr\u00e1\u017ekou rezistentn\u00e9 vo\u010di olejom, absorpcie energie v\u00a0p\u00e4te a\u00a0vodeodoln\u00fdm zvr\u0161kom z\u00a0ko\u017ee v\u00a0kombin\u00e1cii s\u00a0nylonom pre vysok\u00fd komfort.<\/p>\n","protected":false},"featured_media":329295,"template":"","meta":{"_acf_changed":false,"inline_featured_image":false},"product_brand":[],"product_cat":[2142,2158],"product_tag":[2207],"class_list":{"0":"post-329293","1":"product","2":"type-product","3":"status-publish","4":"has-post-thumbnail","6":"product_cat-obuv","7":"product_cat-poltopanky","8":"product_tag-panda-safety","9":"pa_farba-cierna","10":"pa_velkost-3117","12":"first","13":"instock","14":"taxable","15":"shipping-taxable","16":"product-type-variable"},"acf":[],"_links":{"self":[{"href":"https:\/\/gajos.sk\/eshop\/wp-json\/wp\/v2\/product\/329293","targetHints":{"allow":["GET"]}}],"collection":[{"href":"https:\/\/gajos.sk\/eshop\/wp-json\/wp\/v2\/product"}],"about":[{"href":"https:\/\/gajos.sk\/eshop\/wp-json\/wp\/v2\/types\/product"}],"wp:featuredmedia":[{"embeddable":true,"href":"https:\/\/gajos.sk\/eshop\/wp-json\/wp\/v2\/media\/329295"}],"wp:attachment":[{"href":"https:\/\/gajos.sk\/eshop\/wp-json\/wp\/v2\/media?parent=329293"}],"wp:term":[{"taxonomy":"product_brand","embeddable":true,"href":"https:\/\/gajos.sk\/eshop\/wp-json\/wp\/v2\/product_brand?post=329293"},{"taxonomy":"product_cat","embeddable":true,"href":"https:\/\/gajos.sk\/eshop\/wp-json\/wp\/v2\/product_cat?post=329293"},{"taxonomy":"product_tag","embeddable":true,"href":"https:\/\/gajos.sk\/eshop\/wp-json\/wp\/v2\/product_tag?post=329293"}],"curies":[{"name":"wp","href":"https:\/\/api.w.org\/{rel}","templated":true}]}}