{"id":329248,"date":"2024-03-01T18:29:47","date_gmt":"2024-03-01T17:29:47","guid":{"rendered":"https:\/\/gajostest.a2hosted.com\/eshop\/cassowary-winter-rukavice-blistr\/"},"modified":"2026-04-25T21:10:46","modified_gmt":"2026-04-25T19:10:46","slug":"cassowary-winter-rukavice-blistr","status":"publish","type":"product","link":"https:\/\/gajos.sk\/eshop\/p\/cassowary-winter-rukavice-blistr\/","title":{"rendered":"CASSOWARY WINTER rukavice blistr"},"content":{"rendered":"","protected":false},"excerpt":{"rendered":"<p>Zateplen\u00e9 rukavice z jednofarebnej jemnej l\u00edcovej hov\u00e4dziny v dlani a polyesterov\u00e9ho \u00fapletu reflexnej farby na chrbte a man\u017eete.<\/p>\n","protected":false},"featured_media":329250,"template":"","meta":{"_acf_changed":false,"inline_featured_image":false},"product_brand":[],"product_cat":[2175],"product_tag":[1179],"class_list":{"0":"post-329248","1":"product","2":"type-product","3":"status-publish","4":"has-post-thumbnail","6":"product_cat-produkty","7":"product_tag-cerva","8":"pa_farba-hv-zlta","9":"pa_velkost-3051","11":"first","12":"instock","13":"taxable","14":"shipping-taxable","15":"purchasable","16":"product-type-variable"},"acf":[],"_links":{"self":[{"href":"https:\/\/gajos.sk\/eshop\/wp-json\/wp\/v2\/product\/329248","targetHints":{"allow":["GET"]}}],"collection":[{"href":"https:\/\/gajos.sk\/eshop\/wp-json\/wp\/v2\/product"}],"about":[{"href":"https:\/\/gajos.sk\/eshop\/wp-json\/wp\/v2\/types\/product"}],"wp:featuredmedia":[{"embeddable":true,"href":"https:\/\/gajos.sk\/eshop\/wp-json\/wp\/v2\/media\/329250"}],"wp:attachment":[{"href":"https:\/\/gajos.sk\/eshop\/wp-json\/wp\/v2\/media?parent=329248"}],"wp:term":[{"taxonomy":"product_brand","embeddable":true,"href":"https:\/\/gajos.sk\/eshop\/wp-json\/wp\/v2\/product_brand?post=329248"},{"taxonomy":"product_cat","embeddable":true,"href":"https:\/\/gajos.sk\/eshop\/wp-json\/wp\/v2\/product_cat?post=329248"},{"taxonomy":"product_tag","embeddable":true,"href":"https:\/\/gajos.sk\/eshop\/wp-json\/wp\/v2\/product_tag?post=329248"}],"curies":[{"name":"wp","href":"https:\/\/api.w.org\/{rel}","templated":true}]}}