{"id":329146,"date":"2024-03-01T18:28:01","date_gmt":"2024-03-01T17:28:01","guid":{"rendered":"https:\/\/gajostest.a2hosted.com\/eshop\/salangana-winter-rukavice\/"},"modified":"2026-04-25T21:10:46","modified_gmt":"2026-04-25T19:10:46","slug":"salangana-winter-rukavice","status":"publish","type":"product","link":"https:\/\/gajos.sk\/eshop\/p\/salangana-winter-rukavice\/","title":{"rendered":"SALANGANA WINTER rukavice"},"content":{"rendered":"","protected":false},"excerpt":{"rendered":"<p>Zateplen\u00e9 beze\u0161v\u00e9 pleten\u00e9 rukavice ze syntetick\u00e9 p\u0159\u00edze s vrstvou p\u011bnov\u00e9ho latexu v dlani a na prstech a pru\u017en\u00fdm n\u00e1pletem na z\u00e1p\u011bst\u00ed.<\/p>\n","protected":false},"featured_media":329148,"template":"","meta":{"_acf_changed":false,"inline_featured_image":false},"product_brand":[],"product_cat":[2175],"product_tag":[1179],"class_list":{"0":"post-329146","1":"product","2":"type-product","3":"status-publish","4":"has-post-thumbnail","6":"product_cat-produkty","7":"product_tag-cerva","8":"pa_farba-siva","9":"pa_farba-zlta","10":"pa_velkost-3050","11":"pa_velkost-3051","12":"pa_velkost-3052","13":"pa_velkost-3057","14":"pa_velkost-3058","16":"first","17":"instock","18":"taxable","19":"shipping-taxable","20":"purchasable","21":"product-type-variable"},"acf":[],"_links":{"self":[{"href":"https:\/\/gajos.sk\/eshop\/wp-json\/wp\/v2\/product\/329146","targetHints":{"allow":["GET"]}}],"collection":[{"href":"https:\/\/gajos.sk\/eshop\/wp-json\/wp\/v2\/product"}],"about":[{"href":"https:\/\/gajos.sk\/eshop\/wp-json\/wp\/v2\/types\/product"}],"wp:featuredmedia":[{"embeddable":true,"href":"https:\/\/gajos.sk\/eshop\/wp-json\/wp\/v2\/media\/329148"}],"wp:attachment":[{"href":"https:\/\/gajos.sk\/eshop\/wp-json\/wp\/v2\/media?parent=329146"}],"wp:term":[{"taxonomy":"product_brand","embeddable":true,"href":"https:\/\/gajos.sk\/eshop\/wp-json\/wp\/v2\/product_brand?post=329146"},{"taxonomy":"product_cat","embeddable":true,"href":"https:\/\/gajos.sk\/eshop\/wp-json\/wp\/v2\/product_cat?post=329146"},{"taxonomy":"product_tag","embeddable":true,"href":"https:\/\/gajos.sk\/eshop\/wp-json\/wp\/v2\/product_tag?post=329146"}],"curies":[{"name":"wp","href":"https:\/\/api.w.org\/{rel}","templated":true}]}}