{"id":329129,"date":"2024-03-01T18:27:47","date_gmt":"2024-03-01T17:27:47","guid":{"rendered":"https:\/\/gajostest.a2hosted.com\/eshop\/red-signal-1st-winter-rukavice-zimne\/"},"modified":"2026-04-25T21:10:46","modified_gmt":"2026-04-25T19:10:46","slug":"red-signal-1st-winter-rukavice-zimne","status":"publish","type":"product","link":"https:\/\/gajos.sk\/eshop\/p\/red-signal-1st-winter-rukavice-zimne\/","title":{"rendered":"RED SIGNAL (1st WINTER) rukavice zimn\u00e9"},"content":{"rendered":"","protected":false},"excerpt":{"rendered":"<p>Zimn\u00e9 \u0161it\u00e9 rukavcie z pru\u017en\u00e9ho nylonov\u00e9ho materi\u00e1lu v chrbtovej \u010dasti a vrchnej \u010dasti palca, refl exn\u00e9 doplnky na chrbte a prstoch, pru\u017en\u00e1 pleten\u00e1 man\u017eeta, dla\u0148 a krytie nechtov polyester povrstven\u00fd reli\u00e9fnym PU pre lep\u0161\u00ed proti\u0161myk. Pod\u0161\u00edvka 100 % Thinsulate 40 g.<\/p>\n","protected":false},"featured_media":329131,"template":"","meta":{"_acf_changed":false,"inline_featured_image":false},"product_brand":[],"product_cat":[2175],"product_tag":[1240],"class_list":{"0":"post-329129","1":"product","2":"type-product","3":"status-publish","4":"has-post-thumbnail","6":"product_cat-produkty","7":"product_tag-os","8":"pa_farba-cierna","9":"pa_velkost-3050","10":"pa_velkost-3051","11":"pa_velkost-3052","12":"pa_velkost-3057","14":"first","15":"instock","16":"taxable","17":"shipping-taxable","18":"purchasable","19":"product-type-variable"},"acf":[],"_links":{"self":[{"href":"https:\/\/gajos.sk\/eshop\/wp-json\/wp\/v2\/product\/329129","targetHints":{"allow":["GET"]}}],"collection":[{"href":"https:\/\/gajos.sk\/eshop\/wp-json\/wp\/v2\/product"}],"about":[{"href":"https:\/\/gajos.sk\/eshop\/wp-json\/wp\/v2\/types\/product"}],"wp:featuredmedia":[{"embeddable":true,"href":"https:\/\/gajos.sk\/eshop\/wp-json\/wp\/v2\/media\/329131"}],"wp:attachment":[{"href":"https:\/\/gajos.sk\/eshop\/wp-json\/wp\/v2\/media?parent=329129"}],"wp:term":[{"taxonomy":"product_brand","embeddable":true,"href":"https:\/\/gajos.sk\/eshop\/wp-json\/wp\/v2\/product_brand?post=329129"},{"taxonomy":"product_cat","embeddable":true,"href":"https:\/\/gajos.sk\/eshop\/wp-json\/wp\/v2\/product_cat?post=329129"},{"taxonomy":"product_tag","embeddable":true,"href":"https:\/\/gajos.sk\/eshop\/wp-json\/wp\/v2\/product_tag?post=329129"}],"curies":[{"name":"wp","href":"https:\/\/api.w.org\/{rel}","templated":true}]}}