{"id":329125,"date":"2024-03-01T18:27:41","date_gmt":"2024-03-01T17:27:41","guid":{"rendered":"https:\/\/gajostest.a2hosted.com\/eshop\/atra-rukavice-zimne\/"},"modified":"2026-04-25T21:10:46","modified_gmt":"2026-04-25T19:10:46","slug":"atra-rukavice-zimne","status":"publish","type":"product","link":"https:\/\/gajos.sk\/eshop\/p\/atra-rukavice-zimne\/","title":{"rendered":"ATRA rukavice zimn\u00e9"},"content":{"rendered":"","protected":false},"excerpt":{"rendered":"<p>Zimn\u00e9 zateplen\u00e9 nepremokav\u00e9 rukavice s priedu\u0161nou membr\u00e1nou, dla\u0148 polyester- PU, chrb\u00e1t z pru\u017en\u00e9ho nylonov\u00e9ho \u00fapletu spevnen\u00e9ho PU ko\u017eenkou. Pod\u0161\u00edvka v dlani polyester\/bambus, na chrbte polyesterov\u00fd izola\u010dn\u00fd materi\u00e1l. Zateplenie Thinsulate 40 g. Reflexn\u00e9 doplnky.<\/p>\n","protected":false},"featured_media":329127,"template":"","meta":{"_acf_changed":false,"inline_featured_image":false},"product_brand":[],"product_cat":[2175],"product_tag":[1179],"class_list":{"0":"post-329125","1":"product","2":"type-product","3":"status-publish","4":"has-post-thumbnail","6":"product_cat-produkty","7":"product_tag-cerva","8":"pa_farba-cierna","9":"pa_velkost-3051","10":"pa_velkost-3057","12":"first","13":"instock","14":"taxable","15":"shipping-taxable","16":"purchasable","17":"product-type-variable"},"acf":[],"_links":{"self":[{"href":"https:\/\/gajos.sk\/eshop\/wp-json\/wp\/v2\/product\/329125","targetHints":{"allow":["GET"]}}],"collection":[{"href":"https:\/\/gajos.sk\/eshop\/wp-json\/wp\/v2\/product"}],"about":[{"href":"https:\/\/gajos.sk\/eshop\/wp-json\/wp\/v2\/types\/product"}],"wp:featuredmedia":[{"embeddable":true,"href":"https:\/\/gajos.sk\/eshop\/wp-json\/wp\/v2\/media\/329127"}],"wp:attachment":[{"href":"https:\/\/gajos.sk\/eshop\/wp-json\/wp\/v2\/media?parent=329125"}],"wp:term":[{"taxonomy":"product_brand","embeddable":true,"href":"https:\/\/gajos.sk\/eshop\/wp-json\/wp\/v2\/product_brand?post=329125"},{"taxonomy":"product_cat","embeddable":true,"href":"https:\/\/gajos.sk\/eshop\/wp-json\/wp\/v2\/product_cat?post=329125"},{"taxonomy":"product_tag","embeddable":true,"href":"https:\/\/gajos.sk\/eshop\/wp-json\/wp\/v2\/product_tag?post=329125"}],"curies":[{"name":"wp","href":"https:\/\/api.w.org\/{rel}","templated":true}]}}