{"id":329120,"date":"2024-03-01T18:27:41","date_gmt":"2024-03-01T17:27:41","guid":{"rendered":"https:\/\/gajostest.a2hosted.com\/eshop\/turtur-rukavice-zimne-mac-v-pvc\/"},"modified":"2026-04-25T21:10:46","modified_gmt":"2026-04-25T19:10:46","slug":"turtur-rukavice-zimne-mac-v-pvc","status":"publish","type":"product","link":"https:\/\/gajos.sk\/eshop\/p\/turtur-rukavice-zimne-mac-v-pvc\/","title":{"rendered":"TURTUR rukavice zimn\u00e9 m\u00e1\u010d. v PVC"},"content":{"rendered":"","protected":false},"excerpt":{"rendered":"<p>Zateplen\u00e9, vodu odpudzuj\u00face pleten\u00e9 sign\u00e1lne nylonov\u00e9 rukavice s vrstvou PVC v dlani a na prstoch, s komfortn\u00fdm frot\u00e9 zateplen\u00edm a pru\u017enou man\u017eetou.<\/p>\n","protected":false},"featured_media":329122,"template":"","meta":{"_acf_changed":false,"inline_featured_image":false},"product_brand":[],"product_cat":[2175],"product_tag":[1179],"class_list":{"0":"post-329120","1":"product","2":"type-product","3":"status-publish","4":"has-post-thumbnail","6":"product_cat-produkty","7":"product_tag-cerva","8":"pa_farba-zlta","9":"pa_velkost-3050","10":"pa_velkost-3051","11":"pa_velkost-3057","13":"first","14":"instock","15":"taxable","16":"shipping-taxable","17":"purchasable","18":"product-type-variable"},"acf":[],"_links":{"self":[{"href":"https:\/\/gajos.sk\/eshop\/wp-json\/wp\/v2\/product\/329120","targetHints":{"allow":["GET"]}}],"collection":[{"href":"https:\/\/gajos.sk\/eshop\/wp-json\/wp\/v2\/product"}],"about":[{"href":"https:\/\/gajos.sk\/eshop\/wp-json\/wp\/v2\/types\/product"}],"wp:featuredmedia":[{"embeddable":true,"href":"https:\/\/gajos.sk\/eshop\/wp-json\/wp\/v2\/media\/329122"}],"wp:attachment":[{"href":"https:\/\/gajos.sk\/eshop\/wp-json\/wp\/v2\/media?parent=329120"}],"wp:term":[{"taxonomy":"product_brand","embeddable":true,"href":"https:\/\/gajos.sk\/eshop\/wp-json\/wp\/v2\/product_brand?post=329120"},{"taxonomy":"product_cat","embeddable":true,"href":"https:\/\/gajos.sk\/eshop\/wp-json\/wp\/v2\/product_cat?post=329120"},{"taxonomy":"product_tag","embeddable":true,"href":"https:\/\/gajos.sk\/eshop\/wp-json\/wp\/v2\/product_tag?post=329120"}],"curies":[{"name":"wp","href":"https:\/\/api.w.org\/{rel}","templated":true}]}}