{"id":329117,"date":"2024-03-01T18:27:41","date_gmt":"2024-03-01T17:27:41","guid":{"rendered":"https:\/\/gajostest.a2hosted.com\/eshop\/snipe-winter-rukavice-celokozene\/"},"modified":"2026-04-25T21:10:46","modified_gmt":"2026-04-25T19:10:46","slug":"snipe-winter-rukavice-celokozene","status":"publish","type":"product","link":"https:\/\/gajos.sk\/eshop\/p\/snipe-winter-rukavice-celokozene\/","title":{"rendered":"SNIPE WINTER rukavice celoko\u017een\u00e9"},"content":{"rendered":"","protected":false},"excerpt":{"rendered":"<p>Celoko\u017een\u00e9 zateplen\u00e9 rukavice z hov\u00e4dzej \u0161tiepenky, so 7 cm \u0161irokou man\u017eetou zosilnenou dla\u0148ou a palcom.<\/p>\n","protected":false},"featured_media":329119,"template":"","meta":{"_acf_changed":false,"inline_featured_image":false},"product_brand":[],"product_cat":[2175],"product_tag":[1179],"class_list":{"0":"post-329117","1":"product","2":"type-product","3":"status-publish","4":"has-post-thumbnail","6":"product_cat-produkty","7":"product_tag-cerva","8":"pa_farba-siva","9":"pa_velkost-3051","11":"first","12":"instock","13":"taxable","14":"shipping-taxable","15":"purchasable","16":"product-type-variable"},"acf":[],"_links":{"self":[{"href":"https:\/\/gajos.sk\/eshop\/wp-json\/wp\/v2\/product\/329117","targetHints":{"allow":["GET"]}}],"collection":[{"href":"https:\/\/gajos.sk\/eshop\/wp-json\/wp\/v2\/product"}],"about":[{"href":"https:\/\/gajos.sk\/eshop\/wp-json\/wp\/v2\/types\/product"}],"wp:featuredmedia":[{"embeddable":true,"href":"https:\/\/gajos.sk\/eshop\/wp-json\/wp\/v2\/media\/329119"}],"wp:attachment":[{"href":"https:\/\/gajos.sk\/eshop\/wp-json\/wp\/v2\/media?parent=329117"}],"wp:term":[{"taxonomy":"product_brand","embeddable":true,"href":"https:\/\/gajos.sk\/eshop\/wp-json\/wp\/v2\/product_brand?post=329117"},{"taxonomy":"product_cat","embeddable":true,"href":"https:\/\/gajos.sk\/eshop\/wp-json\/wp\/v2\/product_cat?post=329117"},{"taxonomy":"product_tag","embeddable":true,"href":"https:\/\/gajos.sk\/eshop\/wp-json\/wp\/v2\/product_tag?post=329117"}],"curies":[{"name":"wp","href":"https:\/\/api.w.org\/{rel}","templated":true}]}}