{"id":329111,"date":"2024-03-01T18:27:36","date_gmt":"2024-03-01T17:27:36","guid":{"rendered":"https:\/\/gajostest.a2hosted.com\/eshop\/flamingo-rukavice-pvc-dlhe-oranz\/"},"modified":"2026-04-25T21:10:46","modified_gmt":"2026-04-25T19:10:46","slug":"flamingo-rukavice-pvc-dlhe-oranz","status":"publish","type":"product","link":"https:\/\/gajos.sk\/eshop\/p\/flamingo-rukavice-pvc-dlhe-oranz\/","title":{"rendered":"FLAMINGO rukavice PVC &#8211; dlh\u00e9 oran\u017e."},"content":{"rendered":"","protected":false},"excerpt":{"rendered":"<p>Rukavice \u0161it\u00e9 z bavlnen\u00e9ho \u00fapletu, m\u00e1\u010dan\u00e9 v PVC, s polyuret\u00e1novou vlo\u017ekou a pod\u0161\u00edvkou z tepl\u00e1koviny, v celkovej d\u013a\u017eke 30 cm.<\/p>\n","protected":false},"featured_media":329113,"template":"","meta":{"_acf_changed":false,"inline_featured_image":false},"product_brand":[],"product_cat":[2175],"product_tag":[1179],"class_list":{"0":"post-329111","1":"product","2":"type-product","3":"status-publish","4":"has-post-thumbnail","6":"product_cat-produkty","7":"product_tag-cerva","8":"pa_velkost-3050","10":"first","11":"instock","12":"taxable","13":"shipping-taxable","14":"purchasable","15":"product-type-variable"},"acf":[],"_links":{"self":[{"href":"https:\/\/gajos.sk\/eshop\/wp-json\/wp\/v2\/product\/329111","targetHints":{"allow":["GET"]}}],"collection":[{"href":"https:\/\/gajos.sk\/eshop\/wp-json\/wp\/v2\/product"}],"about":[{"href":"https:\/\/gajos.sk\/eshop\/wp-json\/wp\/v2\/types\/product"}],"wp:featuredmedia":[{"embeddable":true,"href":"https:\/\/gajos.sk\/eshop\/wp-json\/wp\/v2\/media\/329113"}],"wp:attachment":[{"href":"https:\/\/gajos.sk\/eshop\/wp-json\/wp\/v2\/media?parent=329111"}],"wp:term":[{"taxonomy":"product_brand","embeddable":true,"href":"https:\/\/gajos.sk\/eshop\/wp-json\/wp\/v2\/product_brand?post=329111"},{"taxonomy":"product_cat","embeddable":true,"href":"https:\/\/gajos.sk\/eshop\/wp-json\/wp\/v2\/product_cat?post=329111"},{"taxonomy":"product_tag","embeddable":true,"href":"https:\/\/gajos.sk\/eshop\/wp-json\/wp\/v2\/product_tag?post=329111"}],"curies":[{"name":"wp","href":"https:\/\/api.w.org\/{rel}","templated":true}]}}