{"id":329104,"date":"2024-03-01T18:27:33","date_gmt":"2024-03-01T17:27:33","guid":{"rendered":"https:\/\/gajostest.a2hosted.com\/eshop\/kagu-navlek-na-pazu\/"},"modified":"2026-05-07T21:06:38","modified_gmt":"2026-05-07T19:06:38","slug":"kagu-navlek-na-pazu","status":"publish","type":"product","link":"https:\/\/gajos.sk\/eshop\/p\/kagu-navlek-na-pazu\/","title":{"rendered":"KAGU n\u00e1vlek na pa\u017eu"},"content":{"rendered":"","protected":false},"excerpt":{"rendered":"<p>Proti\u0159ezn\u00fd ruk\u00e1vn\u00edk &#8211; nejvy\u0161\u0161\u00ed stupe\u0148 odolnosti proti pro\u0159\u00edznut\u00ed F &#8211; bez otvoru pro palec &#8211; v r\u016fzn\u00fdch d\u00e9lkov\u00fdch a \u0161\u00ed\u0159kov\u00fdch variant\u00e1ch (varianta 45 cm se such\u00fdm zipem pro lep\u0161\u00ed upevn\u011bn\u00ed na pa\u017ei, varianta N &#8211; u\u017e\u0161\u00ed)<\/p>\n","protected":false},"featured_media":329106,"template":"","meta":{"_acf_changed":false,"inline_featured_image":false},"product_brand":[],"product_cat":[2175],"product_tag":[1179],"class_list":{"0":"post-329104","1":"product","2":"type-product","3":"status-publish","4":"has-post-thumbnail","6":"product_cat-produkty","7":"product_tag-cerva","8":"pa_velkost-36-cm","9":"pa_velkost-45-cm","10":"pa_velkost-n45-cm","11":"pa_velkost-n36-cm","13":"first","14":"instock","15":"taxable","16":"shipping-taxable","17":"purchasable","18":"product-type-variable"},"acf":[],"_links":{"self":[{"href":"https:\/\/gajos.sk\/eshop\/wp-json\/wp\/v2\/product\/329104","targetHints":{"allow":["GET"]}}],"collection":[{"href":"https:\/\/gajos.sk\/eshop\/wp-json\/wp\/v2\/product"}],"about":[{"href":"https:\/\/gajos.sk\/eshop\/wp-json\/wp\/v2\/types\/product"}],"wp:featuredmedia":[{"embeddable":true,"href":"https:\/\/gajos.sk\/eshop\/wp-json\/wp\/v2\/media\/329106"}],"wp:attachment":[{"href":"https:\/\/gajos.sk\/eshop\/wp-json\/wp\/v2\/media?parent=329104"}],"wp:term":[{"taxonomy":"product_brand","embeddable":true,"href":"https:\/\/gajos.sk\/eshop\/wp-json\/wp\/v2\/product_brand?post=329104"},{"taxonomy":"product_cat","embeddable":true,"href":"https:\/\/gajos.sk\/eshop\/wp-json\/wp\/v2\/product_cat?post=329104"},{"taxonomy":"product_tag","embeddable":true,"href":"https:\/\/gajos.sk\/eshop\/wp-json\/wp\/v2\/product_tag?post=329104"}],"curies":[{"name":"wp","href":"https:\/\/api.w.org\/{rel}","templated":true}]}}