{"id":329058,"date":"2024-03-01T18:27:10","date_gmt":"2024-03-01T17:27:10","guid":{"rendered":"https:\/\/gajostest.a2hosted.com\/eshop\/ansell-11-250-hyflex-narrow\/"},"modified":"2026-05-07T21:06:38","modified_gmt":"2026-05-07T19:06:38","slug":"ansell-11-250-hyflex-narrow","status":"publish","type":"product","link":"https:\/\/gajos.sk\/eshop\/p\/ansell-11-250-hyflex-narrow\/","title":{"rendered":"Ansell 11-250 HyFlex narrow"},"content":{"rendered":"","protected":false},"excerpt":{"rendered":"<p>Ochrann\u00fd ruk\u00e1vnik proti prerezu, 15GG \u00faplet, protipor\u00e9zne vl\u00e1kna INTERCEPT\u2122 Technology, prevedenie bez otvoru na palec.<\/p>\n","protected":false},"featured_media":329060,"template":"","meta":{"_acf_changed":false,"inline_featured_image":false},"product_brand":[],"product_cat":[2175],"product_tag":[1219],"class_list":{"0":"post-329058","1":"product","2":"type-product","3":"status-publish","4":"has-post-thumbnail","6":"product_cat-produkty","7":"product_tag-ansell","8":"pa_velkost-406mm","9":"pa_velkost-305mm","11":"first","12":"instock","13":"taxable","14":"shipping-taxable","15":"purchasable","16":"product-type-variable"},"acf":[],"_links":{"self":[{"href":"https:\/\/gajos.sk\/eshop\/wp-json\/wp\/v2\/product\/329058","targetHints":{"allow":["GET"]}}],"collection":[{"href":"https:\/\/gajos.sk\/eshop\/wp-json\/wp\/v2\/product"}],"about":[{"href":"https:\/\/gajos.sk\/eshop\/wp-json\/wp\/v2\/types\/product"}],"wp:featuredmedia":[{"embeddable":true,"href":"https:\/\/gajos.sk\/eshop\/wp-json\/wp\/v2\/media\/329060"}],"wp:attachment":[{"href":"https:\/\/gajos.sk\/eshop\/wp-json\/wp\/v2\/media?parent=329058"}],"wp:term":[{"taxonomy":"product_brand","embeddable":true,"href":"https:\/\/gajos.sk\/eshop\/wp-json\/wp\/v2\/product_brand?post=329058"},{"taxonomy":"product_cat","embeddable":true,"href":"https:\/\/gajos.sk\/eshop\/wp-json\/wp\/v2\/product_cat?post=329058"},{"taxonomy":"product_tag","embeddable":true,"href":"https:\/\/gajos.sk\/eshop\/wp-json\/wp\/v2\/product_tag?post=329058"}],"curies":[{"name":"wp","href":"https:\/\/api.w.org\/{rel}","templated":true}]}}