{"id":329049,"date":"2024-03-01T18:27:03","date_gmt":"2024-03-01T17:27:03","guid":{"rendered":"https:\/\/gajostest.a2hosted.com\/eshop\/glareola-cut-c-hv-sleeve\/"},"modified":"2026-05-07T21:06:38","modified_gmt":"2026-05-07T19:06:38","slug":"glareola-cut-c-hv-sleeve","status":"publish","type":"product","link":"https:\/\/gajos.sk\/eshop\/p\/glareola-cut-c-hv-sleeve\/","title":{"rendered":"GLAREOLA cut C HV sleeve"},"content":{"rendered":"","protected":false},"excerpt":{"rendered":"<p>Ochrann\u00fd ruk\u00e1vnik proti prerezu. Fluorescen\u010dn\u00e1 farba zai\u0161\u0165uje vysok\u00fa vidite\u013enos\u0165 u\u017e\u00edvate\u013ea. V\u010faka inovat\u00edvnemu materi\u00e1lov\u00e9mu zlo\u017eeniu, ktor\u00e9 obsahuje spandex je ruk\u00e1vnik perfektne flexibiln\u00fd. Such\u00fdm zipsom v hornej \u010dasti ho dokonale fixujete na ruku, ruk\u00e1vnik sa nezos\u00fava.<\/p>\n","protected":false},"featured_media":329051,"template":"","meta":{"_acf_changed":false,"inline_featured_image":false},"product_brand":[],"product_cat":[2175],"product_tag":[1179],"class_list":{"0":"post-329049","1":"product","2":"type-product","3":"status-publish","4":"has-post-thumbnail","6":"product_cat-produkty","7":"product_tag-cerva","8":"pa_velkost-45-cm","9":"pa_velkost-56-cm","10":"pa_velkost-36-cm","11":"pa_velkost-25-cm","13":"first","14":"instock","15":"taxable","16":"shipping-taxable","17":"purchasable","18":"product-type-variable"},"acf":[],"_links":{"self":[{"href":"https:\/\/gajos.sk\/eshop\/wp-json\/wp\/v2\/product\/329049","targetHints":{"allow":["GET"]}}],"collection":[{"href":"https:\/\/gajos.sk\/eshop\/wp-json\/wp\/v2\/product"}],"about":[{"href":"https:\/\/gajos.sk\/eshop\/wp-json\/wp\/v2\/types\/product"}],"wp:featuredmedia":[{"embeddable":true,"href":"https:\/\/gajos.sk\/eshop\/wp-json\/wp\/v2\/media\/329051"}],"wp:attachment":[{"href":"https:\/\/gajos.sk\/eshop\/wp-json\/wp\/v2\/media?parent=329049"}],"wp:term":[{"taxonomy":"product_brand","embeddable":true,"href":"https:\/\/gajos.sk\/eshop\/wp-json\/wp\/v2\/product_brand?post=329049"},{"taxonomy":"product_cat","embeddable":true,"href":"https:\/\/gajos.sk\/eshop\/wp-json\/wp\/v2\/product_cat?post=329049"},{"taxonomy":"product_tag","embeddable":true,"href":"https:\/\/gajos.sk\/eshop\/wp-json\/wp\/v2\/product_tag?post=329049"}],"curies":[{"name":"wp","href":"https:\/\/api.w.org\/{rel}","templated":true}]}}