{"id":329043,"date":"2024-03-01T18:27:03","date_gmt":"2024-03-01T17:27:03","guid":{"rendered":"https:\/\/gajostest.a2hosted.com\/eshop\/cetia-navlek-na-pazu\/"},"modified":"2026-05-07T21:06:38","modified_gmt":"2026-05-07T19:06:38","slug":"cetia-navlek-na-pazu","status":"publish","type":"product","link":"https:\/\/gajos.sk\/eshop\/p\/cetia-navlek-na-pazu\/","title":{"rendered":"CETIA n\u00e1vlek na pa\u017eu"},"content":{"rendered":"","protected":false},"excerpt":{"rendered":"<p>Ochrann\u00fd ruk\u00e1vnik proti porezu. D\u013a\u017eky 36 a 56 cm, vyroben\u00fd z Taeki materi\u00e1lu-ochrana proti porezu a teplote do 100 stup\u0148ov.<\/p>\n","protected":false},"featured_media":329045,"template":"","meta":{"_acf_changed":false,"inline_featured_image":false},"product_brand":[],"product_cat":[2175],"product_tag":[1179],"class_list":{"0":"post-329043","1":"product","2":"type-product","3":"status-publish","4":"has-post-thumbnail","6":"product_cat-produkty","7":"product_tag-cerva","8":"pa_velkost-56-cm","9":"pa_velkost-36-cm","10":"pa_velkost-45-cm","12":"first","13":"instock","14":"taxable","15":"shipping-taxable","16":"purchasable","17":"product-type-variable"},"acf":[],"_links":{"self":[{"href":"https:\/\/gajos.sk\/eshop\/wp-json\/wp\/v2\/product\/329043","targetHints":{"allow":["GET"]}}],"collection":[{"href":"https:\/\/gajos.sk\/eshop\/wp-json\/wp\/v2\/product"}],"about":[{"href":"https:\/\/gajos.sk\/eshop\/wp-json\/wp\/v2\/types\/product"}],"wp:featuredmedia":[{"embeddable":true,"href":"https:\/\/gajos.sk\/eshop\/wp-json\/wp\/v2\/media\/329045"}],"wp:attachment":[{"href":"https:\/\/gajos.sk\/eshop\/wp-json\/wp\/v2\/media?parent=329043"}],"wp:term":[{"taxonomy":"product_brand","embeddable":true,"href":"https:\/\/gajos.sk\/eshop\/wp-json\/wp\/v2\/product_brand?post=329043"},{"taxonomy":"product_cat","embeddable":true,"href":"https:\/\/gajos.sk\/eshop\/wp-json\/wp\/v2\/product_cat?post=329043"},{"taxonomy":"product_tag","embeddable":true,"href":"https:\/\/gajos.sk\/eshop\/wp-json\/wp\/v2\/product_tag?post=329043"}],"curies":[{"name":"wp","href":"https:\/\/api.w.org\/{rel}","templated":true}]}}