{"id":329038,"date":"2024-03-01T18:25:59","date_gmt":"2024-03-01T17:25:59","guid":{"rendered":"https:\/\/gajostest.a2hosted.com\/eshop\/ansell-70-114-sleeves-neptune-kevlar\/"},"modified":"2026-05-07T21:06:38","modified_gmt":"2026-05-07T19:06:38","slug":"ansell-70-114-sleeves-neptune-kevlar","status":"publish","type":"product","link":"https:\/\/gajos.sk\/eshop\/p\/ansell-70-114-sleeves-neptune-kevlar\/","title":{"rendered":"ANSELL  70-114 Sleeves Neptune Kevlar"},"content":{"rendered":"","protected":false},"excerpt":{"rendered":"<p>Kevlarov\u00fd bez\u0161vov\u00fd n\u00e1vlek na pa\u017eu, s odolnos\u0165ou proti prerezu tr. 3, k dispoz\u00edcii v nieko\u013ek\u00fdch d\u013a\u017ekach.<\/p>\n","protected":false},"featured_media":0,"template":"","meta":{"_acf_changed":false,"inline_featured_image":false},"product_brand":[],"product_cat":[2175],"product_tag":[1219],"class_list":{"0":"post-329038","1":"product","2":"type-product","3":"status-publish","5":"product_cat-produkty","6":"product_tag-ansell","7":"pa_velkost-35-cm","9":"first","10":"instock","11":"taxable","12":"shipping-taxable","13":"purchasable","14":"product-type-variable"},"acf":[],"_links":{"self":[{"href":"https:\/\/gajos.sk\/eshop\/wp-json\/wp\/v2\/product\/329038","targetHints":{"allow":["GET"]}}],"collection":[{"href":"https:\/\/gajos.sk\/eshop\/wp-json\/wp\/v2\/product"}],"about":[{"href":"https:\/\/gajos.sk\/eshop\/wp-json\/wp\/v2\/types\/product"}],"wp:attachment":[{"href":"https:\/\/gajos.sk\/eshop\/wp-json\/wp\/v2\/media?parent=329038"}],"wp:term":[{"taxonomy":"product_brand","embeddable":true,"href":"https:\/\/gajos.sk\/eshop\/wp-json\/wp\/v2\/product_brand?post=329038"},{"taxonomy":"product_cat","embeddable":true,"href":"https:\/\/gajos.sk\/eshop\/wp-json\/wp\/v2\/product_cat?post=329038"},{"taxonomy":"product_tag","embeddable":true,"href":"https:\/\/gajos.sk\/eshop\/wp-json\/wp\/v2\/product_tag?post=329038"}],"curies":[{"name":"wp","href":"https:\/\/api.w.org\/{rel}","templated":true}]}}