{"id":329032,"date":"2024-03-01T18:25:59","date_gmt":"2024-03-01T17:25:59","guid":{"rendered":"https:\/\/gajostest.a2hosted.com\/eshop\/ansell-59-416-safeknit-guard-66-cm\/"},"modified":"2026-05-07T21:06:38","modified_gmt":"2026-05-07T19:06:38","slug":"ansell-59-416-safeknit-guard-66-cm","status":"publish","type":"product","link":"https:\/\/gajos.sk\/eshop\/p\/ansell-59-416-safeknit-guard-66-cm\/","title":{"rendered":"ANSELL  59-416 Safeknit guard 66 cm"},"content":{"rendered":"","protected":false},"excerpt":{"rendered":"<p>Zv\u00e1ra\u010dsk\u00fd n\u00e1vlek na pa\u017eu z materi\u00e1lu Tuff Weld, s bavlnenou vrstvou vo vn\u00fatri s odolnos\u0165ou proti iskr\u00e1m a rozstreku kovu v d\u013a\u017eke 66 cm.<\/p>\n","protected":false},"featured_media":329034,"template":"","meta":{"_acf_changed":false,"inline_featured_image":false},"product_brand":[],"product_cat":[2175],"product_tag":[1219],"class_list":{"0":"post-329032","1":"product","2":"type-product","3":"status-publish","4":"has-post-thumbnail","6":"product_cat-produkty","7":"product_tag-ansell","8":"pa_farba-hneda","9":"pa_velkost-66-cm","11":"first","12":"instock","13":"taxable","14":"shipping-taxable","15":"purchasable","16":"product-type-variable"},"acf":[],"_links":{"self":[{"href":"https:\/\/gajos.sk\/eshop\/wp-json\/wp\/v2\/product\/329032","targetHints":{"allow":["GET"]}}],"collection":[{"href":"https:\/\/gajos.sk\/eshop\/wp-json\/wp\/v2\/product"}],"about":[{"href":"https:\/\/gajos.sk\/eshop\/wp-json\/wp\/v2\/types\/product"}],"wp:featuredmedia":[{"embeddable":true,"href":"https:\/\/gajos.sk\/eshop\/wp-json\/wp\/v2\/media\/329034"}],"wp:attachment":[{"href":"https:\/\/gajos.sk\/eshop\/wp-json\/wp\/v2\/media?parent=329032"}],"wp:term":[{"taxonomy":"product_brand","embeddable":true,"href":"https:\/\/gajos.sk\/eshop\/wp-json\/wp\/v2\/product_brand?post=329032"},{"taxonomy":"product_cat","embeddable":true,"href":"https:\/\/gajos.sk\/eshop\/wp-json\/wp\/v2\/product_cat?post=329032"},{"taxonomy":"product_tag","embeddable":true,"href":"https:\/\/gajos.sk\/eshop\/wp-json\/wp\/v2\/product_tag?post=329032"}],"curies":[{"name":"wp","href":"https:\/\/api.w.org\/{rel}","templated":true}]}}