{"id":329022,"date":"2024-03-01T18:25:54","date_gmt":"2024-03-01T17:25:54","guid":{"rendered":"https:\/\/gajostest.a2hosted.com\/eshop\/elsec-30-class3-dielektr-ruk-265kv\/"},"modified":"2026-04-25T21:10:46","modified_gmt":"2026-04-25T19:10:46","slug":"elsec-30-class3-dielektr-ruk-265kv","status":"publish","type":"product","link":"https:\/\/gajos.sk\/eshop\/p\/elsec-30-class3-dielektr-ruk-265kv\/","title":{"rendered":"ELSEC 30 class3 dielektr. ruk. 26,5kV"},"content":{"rendered":"","protected":false},"excerpt":{"rendered":"<p>Dielektrick\u00e9 izola\u010dn\u00e9 rukavice z kvalitn\u00e9ho pr\u00edrodn\u00e9ho latexu pre ochranu pred nebezpe\u010dn\u00fdm nap\u00e4t\u00edm (pozri tabu\u013eku).<\/p>\n","protected":false},"featured_media":329024,"template":"","meta":{"_acf_changed":false,"inline_featured_image":false},"product_brand":[],"product_cat":[2175],"product_tag":[1296],"class_list":{"0":"post-329022","1":"product","2":"type-product","3":"status-publish","4":"has-post-thumbnail","6":"product_cat-produkty","7":"product_tag-secura","8":"pa_velkost-3050","9":"pa_velkost-3051","10":"pa_velkost-3054","12":"first","13":"instock","14":"taxable","15":"shipping-taxable","16":"product-type-variable"},"acf":[],"_links":{"self":[{"href":"https:\/\/gajos.sk\/eshop\/wp-json\/wp\/v2\/product\/329022","targetHints":{"allow":["GET"]}}],"collection":[{"href":"https:\/\/gajos.sk\/eshop\/wp-json\/wp\/v2\/product"}],"about":[{"href":"https:\/\/gajos.sk\/eshop\/wp-json\/wp\/v2\/types\/product"}],"wp:featuredmedia":[{"embeddable":true,"href":"https:\/\/gajos.sk\/eshop\/wp-json\/wp\/v2\/media\/329024"}],"wp:attachment":[{"href":"https:\/\/gajos.sk\/eshop\/wp-json\/wp\/v2\/media?parent=329022"}],"wp:term":[{"taxonomy":"product_brand","embeddable":true,"href":"https:\/\/gajos.sk\/eshop\/wp-json\/wp\/v2\/product_brand?post=329022"},{"taxonomy":"product_cat","embeddable":true,"href":"https:\/\/gajos.sk\/eshop\/wp-json\/wp\/v2\/product_cat?post=329022"},{"taxonomy":"product_tag","embeddable":true,"href":"https:\/\/gajos.sk\/eshop\/wp-json\/wp\/v2\/product_tag?post=329022"}],"curies":[{"name":"wp","href":"https:\/\/api.w.org\/{rel}","templated":true}]}}