{"id":329018,"date":"2024-03-01T18:25:49","date_gmt":"2024-03-01T17:25:49","guid":{"rendered":"https:\/\/gajostest.a2hosted.com\/eshop\/elsec-20-class2-dielektr-rukavice-17kv\/"},"modified":"2026-04-25T21:10:46","modified_gmt":"2026-04-25T19:10:46","slug":"elsec-20-class2-dielektr-rukavice-17kv","status":"publish","type":"product","link":"https:\/\/gajos.sk\/eshop\/p\/elsec-20-class2-dielektr-rukavice-17kv\/","title":{"rendered":"ELSEC 20 class2 dielektr. rukavice 17kV"},"content":{"rendered":"","protected":false},"excerpt":{"rendered":"<p>Dielektrick\u00e9 izola\u010dn\u00e9 rukavice z kvalitn\u00e9ho pr\u00edrodn\u00e9ho latexu pre ochranu pred nebezpe\u010dn\u00fdm nap\u00e4t\u00edm (pozri tabu\u013eku).<\/p>\n","protected":false},"featured_media":329020,"template":"","meta":{"_acf_changed":false,"inline_featured_image":false},"product_brand":[],"product_cat":[2175],"product_tag":[1296],"class_list":{"0":"post-329018","1":"product","2":"type-product","3":"status-publish","4":"has-post-thumbnail","6":"product_cat-produkty","7":"product_tag-secura","8":"pa_velkost-3050","9":"pa_velkost-3051","11":"first","12":"instock","13":"taxable","14":"shipping-taxable","15":"product-type-variable"},"acf":[],"_links":{"self":[{"href":"https:\/\/gajos.sk\/eshop\/wp-json\/wp\/v2\/product\/329018","targetHints":{"allow":["GET"]}}],"collection":[{"href":"https:\/\/gajos.sk\/eshop\/wp-json\/wp\/v2\/product"}],"about":[{"href":"https:\/\/gajos.sk\/eshop\/wp-json\/wp\/v2\/types\/product"}],"wp:featuredmedia":[{"embeddable":true,"href":"https:\/\/gajos.sk\/eshop\/wp-json\/wp\/v2\/media\/329020"}],"wp:attachment":[{"href":"https:\/\/gajos.sk\/eshop\/wp-json\/wp\/v2\/media?parent=329018"}],"wp:term":[{"taxonomy":"product_brand","embeddable":true,"href":"https:\/\/gajos.sk\/eshop\/wp-json\/wp\/v2\/product_brand?post=329018"},{"taxonomy":"product_cat","embeddable":true,"href":"https:\/\/gajos.sk\/eshop\/wp-json\/wp\/v2\/product_cat?post=329018"},{"taxonomy":"product_tag","embeddable":true,"href":"https:\/\/gajos.sk\/eshop\/wp-json\/wp\/v2\/product_tag?post=329018"}],"curies":[{"name":"wp","href":"https:\/\/api.w.org\/{rel}","templated":true}]}}