{"id":329007,"date":"2024-03-01T18:25:46","date_gmt":"2024-03-01T17:25:46","guid":{"rendered":"https:\/\/gajostest.a2hosted.com\/eshop\/elsec-5-class0-dielektr-rukavice-1-kv\/"},"modified":"2026-04-25T21:10:46","modified_gmt":"2026-04-25T19:10:46","slug":"elsec-5-class0-dielektr-rukavice-1-kv","status":"publish","type":"product","link":"https:\/\/gajos.sk\/eshop\/p\/elsec-5-class0-dielektr-rukavice-1-kv\/","title":{"rendered":"ELSEC 5 class0 dielektr. rukavice 1 kV"},"content":{"rendered":"","protected":false},"excerpt":{"rendered":"<p>Dielektrick\u00e9 izola\u010dn\u00e9 rukavice z kvalitn\u00e9ho pr\u00edrodn\u00e9ho latexu pre ochranu pred nebezpe\u010dn\u00fdm nap\u00e4t\u00edm (pozri tabu\u013eku).<\/p>\n","protected":false},"featured_media":329009,"template":"","meta":{"_acf_changed":false,"inline_featured_image":false},"product_brand":[],"product_cat":[2175],"product_tag":[1296],"class_list":{"0":"post-329007","1":"product","2":"type-product","3":"status-publish","4":"has-post-thumbnail","6":"product_cat-produkty","7":"product_tag-secura","8":"pa_velkost-3054","9":"pa_velkost-3057","10":"pa_velkost-3050","11":"pa_velkost-3051","12":"pa_velkost-3052","14":"first","15":"instock","16":"taxable","17":"shipping-taxable","18":"purchasable","19":"product-type-variable"},"acf":[],"_links":{"self":[{"href":"https:\/\/gajos.sk\/eshop\/wp-json\/wp\/v2\/product\/329007","targetHints":{"allow":["GET"]}}],"collection":[{"href":"https:\/\/gajos.sk\/eshop\/wp-json\/wp\/v2\/product"}],"about":[{"href":"https:\/\/gajos.sk\/eshop\/wp-json\/wp\/v2\/types\/product"}],"wp:featuredmedia":[{"embeddable":true,"href":"https:\/\/gajos.sk\/eshop\/wp-json\/wp\/v2\/media\/329009"}],"wp:attachment":[{"href":"https:\/\/gajos.sk\/eshop\/wp-json\/wp\/v2\/media?parent=329007"}],"wp:term":[{"taxonomy":"product_brand","embeddable":true,"href":"https:\/\/gajos.sk\/eshop\/wp-json\/wp\/v2\/product_brand?post=329007"},{"taxonomy":"product_cat","embeddable":true,"href":"https:\/\/gajos.sk\/eshop\/wp-json\/wp\/v2\/product_cat?post=329007"},{"taxonomy":"product_tag","embeddable":true,"href":"https:\/\/gajos.sk\/eshop\/wp-json\/wp\/v2\/product_tag?post=329007"}],"curies":[{"name":"wp","href":"https:\/\/api.w.org\/{rel}","templated":true}]}}