{"id":328979,"date":"2024-03-01T18:25:31","date_gmt":"2024-03-01T17:25:31","guid":{"rendered":"https:\/\/gajostest.a2hosted.com\/eshop\/ovenbird-ruk-2vrstveprstove27cm\/"},"modified":"2026-04-25T21:10:46","modified_gmt":"2026-04-25T19:10:46","slug":"ovenbird-ruk-2vrstveprstove27cm","status":"publish","type":"product","link":"https:\/\/gajos.sk\/eshop\/p\/ovenbird-ruk-2vrstveprstove27cm\/","title":{"rendered":"OVENBIRD ruk.2vrstv\u00e9,prstov\u00e9,27cm"},"content":{"rendered":"","protected":false},"excerpt":{"rendered":"<p>Dvojvrstvov\u00e9 rukavice zo \u0161peci\u00e1lnych materi\u00e1lov NOMEX (85 %) a KEVLAR (15 %) na vonkaj\u0161ie \u010dasti a 100 % bavlnou vo vn\u00fatri, s ochranou pred kontaktn\u00fdm teplom do 350 \u00b0C, v celkovej d\u013a\u017eke 27 cm.<\/p>\n","protected":false},"featured_media":328981,"template":"","meta":{"_acf_changed":false,"inline_featured_image":false},"product_brand":[],"product_cat":[2175],"product_tag":[1179],"class_list":{"0":"post-328979","1":"product","2":"type-product","3":"status-publish","4":"has-post-thumbnail","6":"product_cat-produkty","7":"product_tag-cerva","8":"pa_velkost-3051","9":"pa_velkost-3052","10":"pa_velkost-3057","11":"pa_velkost-3058","13":"first","14":"instock","15":"taxable","16":"shipping-taxable","17":"purchasable","18":"product-type-variable"},"acf":[],"_links":{"self":[{"href":"https:\/\/gajos.sk\/eshop\/wp-json\/wp\/v2\/product\/328979","targetHints":{"allow":["GET"]}}],"collection":[{"href":"https:\/\/gajos.sk\/eshop\/wp-json\/wp\/v2\/product"}],"about":[{"href":"https:\/\/gajos.sk\/eshop\/wp-json\/wp\/v2\/types\/product"}],"wp:featuredmedia":[{"embeddable":true,"href":"https:\/\/gajos.sk\/eshop\/wp-json\/wp\/v2\/media\/328981"}],"wp:attachment":[{"href":"https:\/\/gajos.sk\/eshop\/wp-json\/wp\/v2\/media?parent=328979"}],"wp:term":[{"taxonomy":"product_brand","embeddable":true,"href":"https:\/\/gajos.sk\/eshop\/wp-json\/wp\/v2\/product_brand?post=328979"},{"taxonomy":"product_cat","embeddable":true,"href":"https:\/\/gajos.sk\/eshop\/wp-json\/wp\/v2\/product_cat?post=328979"},{"taxonomy":"product_tag","embeddable":true,"href":"https:\/\/gajos.sk\/eshop\/wp-json\/wp\/v2\/product_tag?post=328979"}],"curies":[{"name":"wp","href":"https:\/\/api.w.org\/{rel}","templated":true}]}}