{"id":328943,"date":"2024-03-01T18:25:08","date_gmt":"2024-03-01T17:25:08","guid":{"rendered":"https:\/\/gajostest.a2hosted.com\/eshop\/parrot-profi-rukavice-palcove\/"},"modified":"2026-04-25T21:10:46","modified_gmt":"2026-04-25T19:10:46","slug":"parrot-profi-rukavice-palcove","status":"publish","type":"product","link":"https:\/\/gajos.sk\/eshop\/p\/parrot-profi-rukavice-palcove\/","title":{"rendered":"PARROT PROFI rukavice palcov\u00e9"},"content":{"rendered":"","protected":false},"excerpt":{"rendered":"<p>Pohodln\u00e9 palcov\u00e9 rukavice bez pohlin\u00edkovania. \u0160irok\u00fd vo\u013en\u00fd strih poskytuje vy\u0161\u0161\u00ed komfort. Trojvrstvov\u00e1 kon\u0161trukcia: vrchn\u00e1 text\u00edlia, stredn\u00e1 izola\u010dn\u00e1 vrstva, vn\u00fatorn\u00e1 vrstva zo 100% bavlny pre kontakt s poko\u017ekou. Zakon\u010denie man\u017eety zakryt\u00e9 ko\u017eou zni\u017euje riziko pop\u00e1lenia. D\u013a\u017eka rukavice: 35 cm.<\/p>\n","protected":false},"featured_media":328945,"template":"","meta":{"_acf_changed":false,"inline_featured_image":false},"product_brand":[],"product_cat":[2175],"product_tag":[1179],"class_list":{"0":"post-328943","1":"product","2":"type-product","3":"status-publish","4":"has-post-thumbnail","6":"product_cat-produkty","7":"product_tag-cerva","8":"pa_velkost-3051","10":"first","11":"instock","12":"taxable","13":"shipping-taxable","14":"purchasable","15":"product-type-variable"},"acf":[],"_links":{"self":[{"href":"https:\/\/gajos.sk\/eshop\/wp-json\/wp\/v2\/product\/328943","targetHints":{"allow":["GET"]}}],"collection":[{"href":"https:\/\/gajos.sk\/eshop\/wp-json\/wp\/v2\/product"}],"about":[{"href":"https:\/\/gajos.sk\/eshop\/wp-json\/wp\/v2\/types\/product"}],"wp:featuredmedia":[{"embeddable":true,"href":"https:\/\/gajos.sk\/eshop\/wp-json\/wp\/v2\/media\/328945"}],"wp:attachment":[{"href":"https:\/\/gajos.sk\/eshop\/wp-json\/wp\/v2\/media?parent=328943"}],"wp:term":[{"taxonomy":"product_brand","embeddable":true,"href":"https:\/\/gajos.sk\/eshop\/wp-json\/wp\/v2\/product_brand?post=328943"},{"taxonomy":"product_cat","embeddable":true,"href":"https:\/\/gajos.sk\/eshop\/wp-json\/wp\/v2\/product_cat?post=328943"},{"taxonomy":"product_tag","embeddable":true,"href":"https:\/\/gajos.sk\/eshop\/wp-json\/wp\/v2\/product_tag?post=328943"}],"curies":[{"name":"wp","href":"https:\/\/api.w.org\/{rel}","templated":true}]}}