{"id":328930,"date":"2024-03-01T18:25:03","date_gmt":"2024-03-01T17:25:03","guid":{"rendered":"https:\/\/gajostest.a2hosted.com\/eshop\/ansell-42-474-crusaderflex\/"},"modified":"2026-04-25T21:10:45","modified_gmt":"2026-04-25T19:10:45","slug":"ansell-42-474-crusaderflex","status":"publish","type":"product","link":"https:\/\/gajos.sk\/eshop\/p\/ansell-42-474-crusaderflex\/","title":{"rendered":"ANSELL  42-474 CrusaderFlex"},"content":{"rendered":"","protected":false},"excerpt":{"rendered":"<p>Rukavice \u0161it\u00e9 zo \u0161peci\u00e1lnej tkaniny, m\u00e1\u010dan\u00e9 v nitrile, s izola\u010dnou pod\u0161\u00edvkou z netkanej text\u00edlie, odolnos\u0165ou pred kontaktn\u00fdm teplom do 250 \u00b0C, v celkov\u00e9 d\u013a\u017eke 35 cm.<\/p>\n","protected":false},"featured_media":328932,"template":"","meta":{"_acf_changed":false,"inline_featured_image":false},"product_brand":[],"product_cat":[2175],"product_tag":[1219],"class_list":{"0":"post-328930","1":"product","2":"type-product","3":"status-publish","4":"has-post-thumbnail","6":"product_cat-produkty","7":"product_tag-ansell","8":"pa_velkost-3051","9":"pa_velkost-3052","11":"first","12":"instock","13":"taxable","14":"shipping-taxable","15":"purchasable","16":"product-type-variable"},"acf":[],"_links":{"self":[{"href":"https:\/\/gajos.sk\/eshop\/wp-json\/wp\/v2\/product\/328930","targetHints":{"allow":["GET"]}}],"collection":[{"href":"https:\/\/gajos.sk\/eshop\/wp-json\/wp\/v2\/product"}],"about":[{"href":"https:\/\/gajos.sk\/eshop\/wp-json\/wp\/v2\/types\/product"}],"wp:featuredmedia":[{"embeddable":true,"href":"https:\/\/gajos.sk\/eshop\/wp-json\/wp\/v2\/media\/328932"}],"wp:attachment":[{"href":"https:\/\/gajos.sk\/eshop\/wp-json\/wp\/v2\/media?parent=328930"}],"wp:term":[{"taxonomy":"product_brand","embeddable":true,"href":"https:\/\/gajos.sk\/eshop\/wp-json\/wp\/v2\/product_brand?post=328930"},{"taxonomy":"product_cat","embeddable":true,"href":"https:\/\/gajos.sk\/eshop\/wp-json\/wp\/v2\/product_cat?post=328930"},{"taxonomy":"product_tag","embeddable":true,"href":"https:\/\/gajos.sk\/eshop\/wp-json\/wp\/v2\/product_tag?post=328930"}],"curies":[{"name":"wp","href":"https:\/\/api.w.org\/{rel}","templated":true}]}}