{"id":328920,"date":"2024-03-01T18:23:58","date_gmt":"2024-03-01T17:23:58","guid":{"rendered":"https:\/\/gajostest.a2hosted.com\/eshop\/scaup-al-folie-ruk-patprst-s-hlinik\/"},"modified":"2026-04-25T21:10:45","modified_gmt":"2026-04-25T19:10:45","slug":"scaup-al-folie-ruk-patprst-s-hlinik","status":"publish","type":"product","link":"https:\/\/gajos.sk\/eshop\/p\/scaup-al-folie-ruk-patprst-s-hlinik\/","title":{"rendered":"SCAUP\/AL FOLIE ruk.p\u00e4\u0165prst.s hlin\u00edk."},"content":{"rendered":"","protected":false},"excerpt":{"rendered":"<p>Trojvrstvov\u00e9 rukavice z materi\u00e1lu aramid (320 g\/m2), s pohlin\u00edkovan\u00fdm chrbtom, ochranou pred s\u00e1lav\u00fdm teplom, taveninou a kontaktn\u00fdm teplom do 250 \u00b0C, kr\u00e1tkodobo i do 500 \u00b0C.<\/p>\n","protected":false},"featured_media":328922,"template":"","meta":{"_acf_changed":false,"inline_featured_image":false},"product_brand":[],"product_cat":[2175],"product_tag":[1179],"class_list":{"0":"post-328920","1":"product","2":"type-product","3":"status-publish","4":"has-post-thumbnail","6":"product_cat-produkty","7":"product_tag-cerva","8":"pa_velkost-3051","10":"first","11":"instock","12":"taxable","13":"shipping-taxable","14":"purchasable","15":"product-type-variable"},"acf":[],"_links":{"self":[{"href":"https:\/\/gajos.sk\/eshop\/wp-json\/wp\/v2\/product\/328920","targetHints":{"allow":["GET"]}}],"collection":[{"href":"https:\/\/gajos.sk\/eshop\/wp-json\/wp\/v2\/product"}],"about":[{"href":"https:\/\/gajos.sk\/eshop\/wp-json\/wp\/v2\/types\/product"}],"wp:featuredmedia":[{"embeddable":true,"href":"https:\/\/gajos.sk\/eshop\/wp-json\/wp\/v2\/media\/328922"}],"wp:attachment":[{"href":"https:\/\/gajos.sk\/eshop\/wp-json\/wp\/v2\/media?parent=328920"}],"wp:term":[{"taxonomy":"product_brand","embeddable":true,"href":"https:\/\/gajos.sk\/eshop\/wp-json\/wp\/v2\/product_brand?post=328920"},{"taxonomy":"product_cat","embeddable":true,"href":"https:\/\/gajos.sk\/eshop\/wp-json\/wp\/v2\/product_cat?post=328920"},{"taxonomy":"product_tag","embeddable":true,"href":"https:\/\/gajos.sk\/eshop\/wp-json\/wp\/v2\/product_tag?post=328920"}],"curies":[{"name":"wp","href":"https:\/\/api.w.org\/{rel}","templated":true}]}}