{"id":328914,"date":"2024-03-01T18:23:58","date_gmt":"2024-03-01T17:23:58","guid":{"rendered":"https:\/\/gajostest.a2hosted.com\/eshop\/parrot-137038-ruk-palcove-mat-aramid\/"},"modified":"2026-05-07T21:06:37","modified_gmt":"2026-05-07T19:06:37","slug":"parrot-137038-ruk-palcove-mat-aramid","status":"publish","type":"product","link":"https:\/\/gajos.sk\/eshop\/p\/parrot-137038-ruk-palcove-mat-aramid\/","title":{"rendered":"PARROT 137038 ruk. palcov\u00e9 mat.Aramid"},"content":{"rendered":"","protected":false},"excerpt":{"rendered":"<p>Palcov\u00e9 trojvrstvov\u00e9 rukavice z materi\u00e1lu aramid (600 g\/m2), s ochranou pred kontaktn\u00fdm teplom do 350 \u00b0C, kr\u00e1tkodobo i do 500 \u00b0C.<\/p>\n","protected":false},"featured_media":328916,"template":"","meta":{"_acf_changed":false,"inline_featured_image":false},"product_brand":[],"product_cat":[2175],"product_tag":[1179],"class_list":{"0":"post-328914","1":"product","2":"type-product","3":"status-publish","4":"has-post-thumbnail","6":"product_cat-produkty","7":"product_tag-cerva","8":"pa_velkost-3051","10":"first","11":"instock","12":"taxable","13":"shipping-taxable","14":"product-type-variable"},"acf":[],"_links":{"self":[{"href":"https:\/\/gajos.sk\/eshop\/wp-json\/wp\/v2\/product\/328914","targetHints":{"allow":["GET"]}}],"collection":[{"href":"https:\/\/gajos.sk\/eshop\/wp-json\/wp\/v2\/product"}],"about":[{"href":"https:\/\/gajos.sk\/eshop\/wp-json\/wp\/v2\/types\/product"}],"wp:featuredmedia":[{"embeddable":true,"href":"https:\/\/gajos.sk\/eshop\/wp-json\/wp\/v2\/media\/328916"}],"wp:attachment":[{"href":"https:\/\/gajos.sk\/eshop\/wp-json\/wp\/v2\/media?parent=328914"}],"wp:term":[{"taxonomy":"product_brand","embeddable":true,"href":"https:\/\/gajos.sk\/eshop\/wp-json\/wp\/v2\/product_brand?post=328914"},{"taxonomy":"product_cat","embeddable":true,"href":"https:\/\/gajos.sk\/eshop\/wp-json\/wp\/v2\/product_cat?post=328914"},{"taxonomy":"product_tag","embeddable":true,"href":"https:\/\/gajos.sk\/eshop\/wp-json\/wp\/v2\/product_tag?post=328914"}],"curies":[{"name":"wp","href":"https:\/\/api.w.org\/{rel}","templated":true}]}}