{"id":328908,"date":"2024-03-01T18:23:55","date_gmt":"2024-03-01T17:23:55","guid":{"rendered":"https:\/\/gajostest.a2hosted.com\/eshop\/batmetal-navlek-stahovaci-pu\/"},"modified":"2026-04-25T21:10:45","modified_gmt":"2026-04-25T19:10:45","slug":"batmetal-navlek-stahovaci-pu","status":"publish","type":"product","link":"https:\/\/gajos.sk\/eshop\/p\/batmetal-navlek-stahovaci-pu\/","title":{"rendered":"BATMETAL n\u00e1vlek s\u0165ahovac\u00ed &#8211; PU"},"content":{"rendered":"","protected":false},"excerpt":{"rendered":"<p>Plastov\u00fd s\u0165ahovac\u00ed n\u00e1vlek pre v\u00e4\u010d\u0161ie pohodlie pri pr\u00e1ci.<\/p>\n","protected":false},"featured_media":328910,"template":"","meta":{"_acf_changed":false,"inline_featured_image":false},"product_brand":[],"product_cat":[2175],"product_tag":[1329],"class_list":{"0":"post-328908","1":"product","2":"type-product","3":"status-publish","4":"has-post-thumbnail","6":"product_cat-produkty","7":"product_tag-batmetall","8":"pa_velkost-uni","10":"first","11":"instock","12":"taxable","13":"shipping-taxable","14":"product-type-variable"},"acf":[],"_links":{"self":[{"href":"https:\/\/gajos.sk\/eshop\/wp-json\/wp\/v2\/product\/328908","targetHints":{"allow":["GET"]}}],"collection":[{"href":"https:\/\/gajos.sk\/eshop\/wp-json\/wp\/v2\/product"}],"about":[{"href":"https:\/\/gajos.sk\/eshop\/wp-json\/wp\/v2\/types\/product"}],"wp:featuredmedia":[{"embeddable":true,"href":"https:\/\/gajos.sk\/eshop\/wp-json\/wp\/v2\/media\/328910"}],"wp:attachment":[{"href":"https:\/\/gajos.sk\/eshop\/wp-json\/wp\/v2\/media?parent=328908"}],"wp:term":[{"taxonomy":"product_brand","embeddable":true,"href":"https:\/\/gajos.sk\/eshop\/wp-json\/wp\/v2\/product_brand?post=328908"},{"taxonomy":"product_cat","embeddable":true,"href":"https:\/\/gajos.sk\/eshop\/wp-json\/wp\/v2\/product_cat?post=328908"},{"taxonomy":"product_tag","embeddable":true,"href":"https:\/\/gajos.sk\/eshop\/wp-json\/wp\/v2\/product_tag?post=328908"}],"curies":[{"name":"wp","href":"https:\/\/api.w.org\/{rel}","templated":true}]}}