{"id":328901,"date":"2024-03-01T18:23:51","date_gmt":"2024-03-01T17:23:51","guid":{"rendered":"https:\/\/gajostest.a2hosted.com\/eshop\/batmetal-ruk-ocel-15-cm-manz\/"},"modified":"2026-04-25T21:10:45","modified_gmt":"2026-04-25T19:10:45","slug":"batmetal-ruk-ocel-15-cm-manz","status":"publish","type":"product","link":"https:\/\/gajos.sk\/eshop\/p\/batmetal-ruk-ocel-15-cm-manz\/","title":{"rendered":"BATMETAL ruk.-ocel. 15 cm man\u017e."},"content":{"rendered":"","protected":false},"excerpt":{"rendered":"<p>Obojru\u010dn\u00e9 rukavice z oce\u013eov\u00fdch kr\u00fa\u017ekov, s textiln\u00fdm s\u0165ahovac\u00edm remienkom, chr\u00e1ni\u010dom predlaktia, maxim\u00e1lnou ochranou proti porezaniu a 15 cm \u0161irokou man\u017eetou. 0114 0006 99 080 \u010derven\u00e1, 0114 0006 99 090 modr\u00e1, 0114 0006 99 100 oran\u017eov\u00e1, 0114 0006 99 110 fialov\u00e1<\/p>\n","protected":false},"featured_media":328903,"template":"","meta":{"_acf_changed":false,"inline_featured_image":false},"product_brand":[],"product_cat":[2175],"product_tag":[1329],"class_list":{"0":"post-328901","1":"product","2":"type-product","3":"status-publish","4":"has-post-thumbnail","6":"product_cat-produkty","7":"product_tag-batmetall","8":"pa_velkost-3050","9":"pa_velkost-3051","10":"pa_velkost-3052","11":"pa_velkost-3057","12":"pa_velkost-3058","14":"first","15":"instock","16":"taxable","17":"shipping-taxable","18":"purchasable","19":"product-type-variable"},"acf":[],"_links":{"self":[{"href":"https:\/\/gajos.sk\/eshop\/wp-json\/wp\/v2\/product\/328901","targetHints":{"allow":["GET"]}}],"collection":[{"href":"https:\/\/gajos.sk\/eshop\/wp-json\/wp\/v2\/product"}],"about":[{"href":"https:\/\/gajos.sk\/eshop\/wp-json\/wp\/v2\/types\/product"}],"wp:featuredmedia":[{"embeddable":true,"href":"https:\/\/gajos.sk\/eshop\/wp-json\/wp\/v2\/media\/328903"}],"wp:attachment":[{"href":"https:\/\/gajos.sk\/eshop\/wp-json\/wp\/v2\/media?parent=328901"}],"wp:term":[{"taxonomy":"product_brand","embeddable":true,"href":"https:\/\/gajos.sk\/eshop\/wp-json\/wp\/v2\/product_brand?post=328901"},{"taxonomy":"product_cat","embeddable":true,"href":"https:\/\/gajos.sk\/eshop\/wp-json\/wp\/v2\/product_cat?post=328901"},{"taxonomy":"product_tag","embeddable":true,"href":"https:\/\/gajos.sk\/eshop\/wp-json\/wp\/v2\/product_tag?post=328901"}],"curies":[{"name":"wp","href":"https:\/\/api.w.org\/{rel}","templated":true}]}}