{"id":328886,"date":"2024-03-01T18:23:48","date_gmt":"2024-03-01T17:23:48","guid":{"rendered":"https:\/\/gajostest.a2hosted.com\/eshop\/batmetal-ruk-ocel-bez-manz\/"},"modified":"2026-04-25T21:10:45","modified_gmt":"2026-04-25T19:10:45","slug":"batmetal-ruk-ocel-bez-manz","status":"publish","type":"product","link":"https:\/\/gajos.sk\/eshop\/p\/batmetal-ruk-ocel-bez-manz\/","title":{"rendered":"BATMETAL ruk.-ocel. bez man\u017e."},"content":{"rendered":"","protected":false},"excerpt":{"rendered":"<p>Obojru\u010dn\u00e9 rukavice z oce\u013eov\u00fdch kr\u00fa\u017ekov, s textiln\u00fdm s\u0165ahovac\u00edm remienkom a maxim\u00e1lnou ochranou proti porezaniu, vhodn\u00e9 pre m\u00e4siarov. 0114 0001 99 070 biela, 0114 0001 99 080 \u010derven\u00e1, 0114 0001 99 090 modr\u00e1, 0114 0001 99 100 oran\u017eov\u00e1, 0114 0001 99 110 fialov\u00e1<\/p>\n","protected":false},"featured_media":328888,"template":"","meta":{"_acf_changed":false,"inline_featured_image":false},"product_brand":[],"product_cat":[2175],"product_tag":[1329],"class_list":{"0":"post-328886","1":"product","2":"type-product","3":"status-publish","4":"has-post-thumbnail","6":"product_cat-produkty","7":"product_tag-batmetall","8":"pa_velkost-3076","9":"pa_velkost-3050","10":"pa_velkost-3051","11":"pa_velkost-3052","12":"pa_velkost-3057","13":"pa_velkost-3058","14":"pa_velkost-3062","16":"first","17":"instock","18":"taxable","19":"shipping-taxable","20":"purchasable","21":"product-type-variable"},"acf":[],"_links":{"self":[{"href":"https:\/\/gajos.sk\/eshop\/wp-json\/wp\/v2\/product\/328886","targetHints":{"allow":["GET"]}}],"collection":[{"href":"https:\/\/gajos.sk\/eshop\/wp-json\/wp\/v2\/product"}],"about":[{"href":"https:\/\/gajos.sk\/eshop\/wp-json\/wp\/v2\/types\/product"}],"wp:featuredmedia":[{"embeddable":true,"href":"https:\/\/gajos.sk\/eshop\/wp-json\/wp\/v2\/media\/328888"}],"wp:attachment":[{"href":"https:\/\/gajos.sk\/eshop\/wp-json\/wp\/v2\/media?parent=328886"}],"wp:term":[{"taxonomy":"product_brand","embeddable":true,"href":"https:\/\/gajos.sk\/eshop\/wp-json\/wp\/v2\/product_brand?post=328886"},{"taxonomy":"product_cat","embeddable":true,"href":"https:\/\/gajos.sk\/eshop\/wp-json\/wp\/v2\/product_cat?post=328886"},{"taxonomy":"product_tag","embeddable":true,"href":"https:\/\/gajos.sk\/eshop\/wp-json\/wp\/v2\/product_tag?post=328886"}],"curies":[{"name":"wp","href":"https:\/\/api.w.org\/{rel}","templated":true}]}}