{"id":328861,"date":"2024-03-01T18:23:34","date_gmt":"2024-03-01T17:23:34","guid":{"rendered":"https:\/\/gajostest.a2hosted.com\/eshop\/tb-486f-grip-rukavice\/"},"modified":"2026-04-25T21:10:45","modified_gmt":"2026-04-25T19:10:45","slug":"tb-486f-grip-rukavice","status":"publish","type":"product","link":"https:\/\/gajos.sk\/eshop\/p\/tb-486f-grip-rukavice\/","title":{"rendered":"TB 486F GRIP rukavice"},"content":{"rendered":"","protected":false},"excerpt":{"rendered":"<p>Rukavice z \u010derven\u00e9ho HPPE \u00fapletu s ocelov\u00fdm a sklen\u011bn\u00fdm vl\u00e1knem.<br \/>\n\u010cern\u00e1 p\u011bnov\u00e1 nitrilov\u00e1 vrstva na dlani.<br \/>\nProtiskluzov\u00e1  nitrilov\u00e1 \u00faprava na dlani.<br \/>\nPleten\u00e9 z\u00e1p\u011bst\u00ed.<br \/>\nHustota \u00fapletu 13 gg.<br \/>\nPOU\u017dITELN\u00c9 NA DOTYKOV\u00ddCH OBRAZOVK\u00c1CH<\/p>\n","protected":false},"featured_media":328863,"template":"","meta":{"_acf_changed":false,"inline_featured_image":false},"product_brand":[],"product_cat":[2175],"product_tag":[1253],"class_list":{"0":"post-328861","1":"product","2":"type-product","3":"status-publish","4":"has-post-thumbnail","6":"product_cat-produkty","7":"product_tag-tomas-bodero","8":"pa_velkost-3051","9":"pa_velkost-3052","10":"pa_velkost-3057","11":"pa_velkost-3058","12":"pa_velkost-3062","14":"first","15":"instock","16":"taxable","17":"shipping-taxable","18":"purchasable","19":"product-type-variable"},"acf":[],"_links":{"self":[{"href":"https:\/\/gajos.sk\/eshop\/wp-json\/wp\/v2\/product\/328861","targetHints":{"allow":["GET"]}}],"collection":[{"href":"https:\/\/gajos.sk\/eshop\/wp-json\/wp\/v2\/product"}],"about":[{"href":"https:\/\/gajos.sk\/eshop\/wp-json\/wp\/v2\/types\/product"}],"wp:featuredmedia":[{"embeddable":true,"href":"https:\/\/gajos.sk\/eshop\/wp-json\/wp\/v2\/media\/328863"}],"wp:attachment":[{"href":"https:\/\/gajos.sk\/eshop\/wp-json\/wp\/v2\/media?parent=328861"}],"wp:term":[{"taxonomy":"product_brand","embeddable":true,"href":"https:\/\/gajos.sk\/eshop\/wp-json\/wp\/v2\/product_brand?post=328861"},{"taxonomy":"product_cat","embeddable":true,"href":"https:\/\/gajos.sk\/eshop\/wp-json\/wp\/v2\/product_cat?post=328861"},{"taxonomy":"product_tag","embeddable":true,"href":"https:\/\/gajos.sk\/eshop\/wp-json\/wp\/v2\/product_tag?post=328861"}],"curies":[{"name":"wp","href":"https:\/\/api.w.org\/{rel}","templated":true}]}}