{"id":328808,"date":"2024-03-01T18:23:09","date_gmt":"2024-03-01T17:23:09","guid":{"rendered":"https:\/\/gajostest.a2hosted.com\/eshop\/graja-vam-rukavice\/"},"modified":"2026-04-25T21:10:45","modified_gmt":"2026-04-25T19:10:45","slug":"graja-vam-rukavice","status":"publish","type":"product","link":"https:\/\/gajos.sk\/eshop\/p\/graja-vam-rukavice\/","title":{"rendered":"GRAJA VAM rukavice"},"content":{"rendered":"","protected":false},"excerpt":{"rendered":"<p>\u2022 pleten\u00e9 bez\u0161vov\u00e9 rukavice z polyesteru, spandexu, nylonu a sklenen\u00e9ho vl\u00e1kna m\u00e1\u010dan\u00e9 v PU<br \/>\n\u2022 odolnos\u0165 vo\u010di rezu trieda C<br \/>\n\u2022 hustota \u00fapletu 13 GG<\/p>\n","protected":false},"featured_media":328810,"template":"","meta":{"_acf_changed":false,"inline_featured_image":false},"product_brand":[],"product_cat":[2175],"product_tag":[1179],"class_list":{"0":"post-328808","1":"product","2":"type-product","3":"status-publish","4":"has-post-thumbnail","6":"product_cat-produkty","7":"product_tag-cerva","8":"pa_farba-cierna","9":"pa_velkost-3062","10":"pa_velkost-3050","11":"pa_velkost-3051","12":"pa_velkost-3052","13":"pa_velkost-3057","14":"pa_velkost-3058","16":"first","17":"instock","18":"taxable","19":"shipping-taxable","20":"purchasable","21":"product-type-variable"},"acf":[],"_links":{"self":[{"href":"https:\/\/gajos.sk\/eshop\/wp-json\/wp\/v2\/product\/328808","targetHints":{"allow":["GET"]}}],"collection":[{"href":"https:\/\/gajos.sk\/eshop\/wp-json\/wp\/v2\/product"}],"about":[{"href":"https:\/\/gajos.sk\/eshop\/wp-json\/wp\/v2\/types\/product"}],"wp:featuredmedia":[{"embeddable":true,"href":"https:\/\/gajos.sk\/eshop\/wp-json\/wp\/v2\/media\/328810"}],"wp:attachment":[{"href":"https:\/\/gajos.sk\/eshop\/wp-json\/wp\/v2\/media?parent=328808"}],"wp:term":[{"taxonomy":"product_brand","embeddable":true,"href":"https:\/\/gajos.sk\/eshop\/wp-json\/wp\/v2\/product_brand?post=328808"},{"taxonomy":"product_cat","embeddable":true,"href":"https:\/\/gajos.sk\/eshop\/wp-json\/wp\/v2\/product_cat?post=328808"},{"taxonomy":"product_tag","embeddable":true,"href":"https:\/\/gajos.sk\/eshop\/wp-json\/wp\/v2\/product_tag?post=328808"}],"curies":[{"name":"wp","href":"https:\/\/api.w.org\/{rel}","templated":true}]}}