{"id":328777,"date":"2024-03-01T18:22:02","date_gmt":"2024-03-01T17:22:02","guid":{"rendered":"https:\/\/gajostest.a2hosted.com\/eshop\/tb-487tfln-rukavice\/"},"modified":"2026-04-25T21:10:45","modified_gmt":"2026-04-25T19:10:45","slug":"tb-487tfln-rukavice","status":"publish","type":"product","link":"https:\/\/gajos.sk\/eshop\/p\/tb-487tfln-rukavice\/","title":{"rendered":"TB 487TFLN rukavice"},"content":{"rendered":"","protected":false},"excerpt":{"rendered":"<p>\u2022 Tuffalene\u00ae beze\u0161v\u00e9 rukavice se sklen\u011bn\u00fdm vl\u00e1knem m\u00e1\u010den\u00e9 v latexu na dlani a prstech<br \/>\n\u2022 pleten\u00e1 man\u017eeta<br \/>\n\u2022 hustota \u00fapletu 13 GG<\/p>\n","protected":false},"featured_media":328779,"template":"","meta":{"_acf_changed":false,"inline_featured_image":false},"product_brand":[],"product_cat":[2175],"product_tag":[1253],"class_list":{"0":"post-328777","1":"product","2":"type-product","3":"status-publish","4":"has-post-thumbnail","6":"product_cat-produkty","7":"product_tag-tomas-bodero","8":"pa_velkost-3058","9":"pa_velkost-3062","10":"pa_velkost-3050","11":"pa_velkost-3051","12":"pa_velkost-3052","13":"pa_velkost-3057","15":"first","16":"instock","17":"taxable","18":"shipping-taxable","19":"purchasable","20":"product-type-variable"},"acf":[],"_links":{"self":[{"href":"https:\/\/gajos.sk\/eshop\/wp-json\/wp\/v2\/product\/328777","targetHints":{"allow":["GET"]}}],"collection":[{"href":"https:\/\/gajos.sk\/eshop\/wp-json\/wp\/v2\/product"}],"about":[{"href":"https:\/\/gajos.sk\/eshop\/wp-json\/wp\/v2\/types\/product"}],"wp:featuredmedia":[{"embeddable":true,"href":"https:\/\/gajos.sk\/eshop\/wp-json\/wp\/v2\/media\/328779"}],"wp:attachment":[{"href":"https:\/\/gajos.sk\/eshop\/wp-json\/wp\/v2\/media?parent=328777"}],"wp:term":[{"taxonomy":"product_brand","embeddable":true,"href":"https:\/\/gajos.sk\/eshop\/wp-json\/wp\/v2\/product_brand?post=328777"},{"taxonomy":"product_cat","embeddable":true,"href":"https:\/\/gajos.sk\/eshop\/wp-json\/wp\/v2\/product_cat?post=328777"},{"taxonomy":"product_tag","embeddable":true,"href":"https:\/\/gajos.sk\/eshop\/wp-json\/wp\/v2\/product_tag?post=328777"}],"curies":[{"name":"wp","href":"https:\/\/api.w.org\/{rel}","templated":true}]}}