{"id":328770,"date":"2024-03-01T18:21:59","date_gmt":"2024-03-01T17:21:59","guid":{"rendered":"https:\/\/gajostest.a2hosted.com\/eshop\/tb-418tfln-rukavice\/"},"modified":"2026-04-25T21:10:45","modified_gmt":"2026-04-25T19:10:45","slug":"tb-418tfln-rukavice","status":"publish","type":"product","link":"https:\/\/gajos.sk\/eshop\/p\/tb-418tfln-rukavice\/","title":{"rendered":"TB 418TFLN rukavice"},"content":{"rendered":"","protected":false},"excerpt":{"rendered":"<p>\u2022 beze\u0161v\u00e9 modr\u00e9 Tuffalene\u00ae rukavice s p\u0159\u00edm\u011bs\u00ed skeln\u00e9ho vl\u00e1kna m\u00e1\u010den\u00e9 v \u0161ed\u00e9m polyuretanu na dlani<br \/>\n\u2022 mo\u017enost ovl\u00e1dat dotykov\u00e9 obrazovky<br \/>\n\u2022 pleten\u00e1 man\u017eeta<br \/>\n\u2022 hustota \u00fapletu 18 GG<\/p>\n","protected":false},"featured_media":328772,"template":"","meta":{"_acf_changed":false,"inline_featured_image":false},"product_brand":[],"product_cat":[2175],"product_tag":[1253],"class_list":{"0":"post-328770","1":"product","2":"type-product","3":"status-publish","4":"has-post-thumbnail","6":"product_cat-produkty","7":"product_tag-tomas-bodero","8":"pa_velkost-3057","9":"pa_velkost-3058","10":"pa_velkost-3062","11":"pa_velkost-3051","12":"pa_velkost-3052","14":"first","15":"instock","16":"taxable","17":"shipping-taxable","18":"purchasable","19":"product-type-variable"},"acf":[],"_links":{"self":[{"href":"https:\/\/gajos.sk\/eshop\/wp-json\/wp\/v2\/product\/328770","targetHints":{"allow":["GET"]}}],"collection":[{"href":"https:\/\/gajos.sk\/eshop\/wp-json\/wp\/v2\/product"}],"about":[{"href":"https:\/\/gajos.sk\/eshop\/wp-json\/wp\/v2\/types\/product"}],"wp:featuredmedia":[{"embeddable":true,"href":"https:\/\/gajos.sk\/eshop\/wp-json\/wp\/v2\/media\/328772"}],"wp:attachment":[{"href":"https:\/\/gajos.sk\/eshop\/wp-json\/wp\/v2\/media?parent=328770"}],"wp:term":[{"taxonomy":"product_brand","embeddable":true,"href":"https:\/\/gajos.sk\/eshop\/wp-json\/wp\/v2\/product_brand?post=328770"},{"taxonomy":"product_cat","embeddable":true,"href":"https:\/\/gajos.sk\/eshop\/wp-json\/wp\/v2\/product_cat?post=328770"},{"taxonomy":"product_tag","embeddable":true,"href":"https:\/\/gajos.sk\/eshop\/wp-json\/wp\/v2\/product_tag?post=328770"}],"curies":[{"name":"wp","href":"https:\/\/api.w.org\/{rel}","templated":true}]}}