{"id":328755,"date":"2024-03-01T18:21:49","date_gmt":"2024-03-01T17:21:49","guid":{"rendered":"https:\/\/gajostest.a2hosted.com\/eshop\/tb-413rf-tfln-rukavice\/"},"modified":"2026-04-25T21:10:45","modified_gmt":"2026-04-25T19:10:45","slug":"tb-413rf-tfln-rukavice","status":"publish","type":"product","link":"https:\/\/gajos.sk\/eshop\/p\/tb-413rf-tfln-rukavice\/","title":{"rendered":"TB 413RF TFLN rukavice"},"content":{"rendered":"","protected":false},"excerpt":{"rendered":"<p>\u2022 modr\u00e9 bez\u0161vov\u00e9 rukavice vyroben\u00e9 z HDPC, sklenen\u00fdch vl\u00e1kien a nylonu namo\u010den\u00e9 v mikropor\u00e9znom nitrile na dlani a prstoch<br \/>\n\u2022 Zisk medzi indexom a palcom<br \/>\n\u2022 neobsahuj\u00fa silik\u00f3n<br \/>\n\u2022Um\u00fdvate\u013en\u00fd<br \/>\n\u2022 Pleten\u00e1 man\u017eeta<br \/>\n\u2022 hustota pleteniny 13 GG<\/p>\n","protected":false},"featured_media":328757,"template":"","meta":{"_acf_changed":false,"inline_featured_image":false},"product_brand":[],"product_cat":[2175],"product_tag":[1253],"class_list":{"0":"post-328755","1":"product","2":"type-product","3":"status-publish","4":"has-post-thumbnail","6":"product_cat-produkty","7":"product_tag-tomas-bodero","8":"pa_velkost-3076","9":"pa_velkost-3050","10":"pa_velkost-3051","11":"pa_velkost-3052","12":"pa_velkost-3057","13":"pa_velkost-3058","14":"pa_velkost-3062","16":"first","17":"instock","18":"taxable","19":"shipping-taxable","20":"purchasable","21":"product-type-variable"},"acf":[],"_links":{"self":[{"href":"https:\/\/gajos.sk\/eshop\/wp-json\/wp\/v2\/product\/328755","targetHints":{"allow":["GET"]}}],"collection":[{"href":"https:\/\/gajos.sk\/eshop\/wp-json\/wp\/v2\/product"}],"about":[{"href":"https:\/\/gajos.sk\/eshop\/wp-json\/wp\/v2\/types\/product"}],"wp:featuredmedia":[{"embeddable":true,"href":"https:\/\/gajos.sk\/eshop\/wp-json\/wp\/v2\/media\/328757"}],"wp:attachment":[{"href":"https:\/\/gajos.sk\/eshop\/wp-json\/wp\/v2\/media?parent=328755"}],"wp:term":[{"taxonomy":"product_brand","embeddable":true,"href":"https:\/\/gajos.sk\/eshop\/wp-json\/wp\/v2\/product_brand?post=328755"},{"taxonomy":"product_cat","embeddable":true,"href":"https:\/\/gajos.sk\/eshop\/wp-json\/wp\/v2\/product_cat?post=328755"},{"taxonomy":"product_tag","embeddable":true,"href":"https:\/\/gajos.sk\/eshop\/wp-json\/wp\/v2\/product_tag?post=328755"}],"curies":[{"name":"wp","href":"https:\/\/api.w.org\/{rel}","templated":true}]}}