{"id":328738,"date":"2024-03-01T18:21:43","date_gmt":"2024-03-01T17:21:43","guid":{"rendered":"https:\/\/gajostest.a2hosted.com\/eshop\/vliet-sw-59-pro-rukavice\/"},"modified":"2026-04-11T17:47:13","modified_gmt":"2026-04-11T15:47:13","slug":"vliet-sw-59-pro-rukavice","status":"publish","type":"product","link":"https:\/\/gajos.sk\/eshop\/p\/vliet-sw-59-pro-rukavice\/","title":{"rendered":"VLIET SW 59 PRO rukavice"},"content":{"rendered":"","protected":false},"excerpt":{"rendered":"<p>Odolnost proti pro\u0159\u00edznut\u00ed \u00farovn\u011b C, hladce pleten\u00e9 pro vynikaj\u00edc\u00ed pohodl\u00ed, velmi vysok\u00e1 citlivost prst\u016f, prody\u0161n\u00e9 a lehk\u00e9<\/p>\n","protected":false},"featured_media":328740,"template":"","meta":{"_acf_changed":false,"inline_featured_image":false},"product_brand":[],"product_cat":[2175],"product_tag":[1274],"class_list":{"0":"post-328738","1":"product","2":"type-product","3":"status-publish","4":"has-post-thumbnail","6":"product_cat-produkty","7":"product_tag-safeworker","8":"pa_velkost-3052","10":"first","11":"instock","12":"taxable","13":"shipping-taxable","14":"product-type-variable"},"acf":[],"_links":{"self":[{"href":"https:\/\/gajos.sk\/eshop\/wp-json\/wp\/v2\/product\/328738","targetHints":{"allow":["GET"]}}],"collection":[{"href":"https:\/\/gajos.sk\/eshop\/wp-json\/wp\/v2\/product"}],"about":[{"href":"https:\/\/gajos.sk\/eshop\/wp-json\/wp\/v2\/types\/product"}],"wp:featuredmedia":[{"embeddable":true,"href":"https:\/\/gajos.sk\/eshop\/wp-json\/wp\/v2\/media\/328740"}],"wp:attachment":[{"href":"https:\/\/gajos.sk\/eshop\/wp-json\/wp\/v2\/media?parent=328738"}],"wp:term":[{"taxonomy":"product_brand","embeddable":true,"href":"https:\/\/gajos.sk\/eshop\/wp-json\/wp\/v2\/product_brand?post=328738"},{"taxonomy":"product_cat","embeddable":true,"href":"https:\/\/gajos.sk\/eshop\/wp-json\/wp\/v2\/product_cat?post=328738"},{"taxonomy":"product_tag","embeddable":true,"href":"https:\/\/gajos.sk\/eshop\/wp-json\/wp\/v2\/product_tag?post=328738"}],"curies":[{"name":"wp","href":"https:\/\/api.w.org\/{rel}","templated":true}]}}