{"id":328730,"date":"2024-03-01T18:21:39","date_gmt":"2024-03-01T17:21:39","guid":{"rendered":"https:\/\/gajostest.a2hosted.com\/eshop\/parva-protirez-rukavice-penovy-nitril\/"},"modified":"2026-04-25T21:10:45","modified_gmt":"2026-04-25T19:10:45","slug":"parva-protirez-rukavice-penovy-nitril","status":"publish","type":"product","link":"https:\/\/gajos.sk\/eshop\/p\/parva-protirez-rukavice-penovy-nitril\/","title":{"rendered":"PARVA protirez.rukavice p\u011bnov\u00fd nitril"},"content":{"rendered":"","protected":false},"excerpt":{"rendered":"<p>Rukavice z protiprerezn\u00e9ho HPPE vl\u00e1kna, ktor\u00e9 NEobsahuje sklenen\u00e9, kamenn\u00e9, oce\u013eov\u00e9 vl\u00e1kno. Penov\u00e9 nitrilov\u00e9 povrstvenie zais\u0165uje u\u017e\u00edvate\u013eovi odolnos\u0165 vo\u010di \u013eahko zaolejovan\u00e9mu prostrediu a z\u00e1rove\u0148 aj ist\u00ed \u00fachop v ka\u017edej situ\u00e1cii. Ergon\u00f3mia je jednoducho perfektn\u00e1.<\/p>\n","protected":false},"featured_media":328732,"template":"","meta":{"_acf_changed":false,"inline_featured_image":false},"product_brand":[],"product_cat":[2175],"product_tag":[1179],"class_list":{"0":"post-328730","1":"product","2":"type-product","3":"status-publish","4":"has-post-thumbnail","6":"product_cat-produkty","7":"product_tag-cerva","8":"pa_farba-cierna-siva","9":"pa_velkost-3058","10":"pa_velkost-3062","11":"pa_velkost-3050","12":"pa_velkost-3051","13":"pa_velkost-3052","14":"pa_velkost-3057","16":"first","17":"instock","18":"taxable","19":"shipping-taxable","20":"purchasable","21":"product-type-variable"},"acf":[],"_links":{"self":[{"href":"https:\/\/gajos.sk\/eshop\/wp-json\/wp\/v2\/product\/328730","targetHints":{"allow":["GET"]}}],"collection":[{"href":"https:\/\/gajos.sk\/eshop\/wp-json\/wp\/v2\/product"}],"about":[{"href":"https:\/\/gajos.sk\/eshop\/wp-json\/wp\/v2\/types\/product"}],"wp:featuredmedia":[{"embeddable":true,"href":"https:\/\/gajos.sk\/eshop\/wp-json\/wp\/v2\/media\/328732"}],"wp:attachment":[{"href":"https:\/\/gajos.sk\/eshop\/wp-json\/wp\/v2\/media?parent=328730"}],"wp:term":[{"taxonomy":"product_brand","embeddable":true,"href":"https:\/\/gajos.sk\/eshop\/wp-json\/wp\/v2\/product_brand?post=328730"},{"taxonomy":"product_cat","embeddable":true,"href":"https:\/\/gajos.sk\/eshop\/wp-json\/wp\/v2\/product_cat?post=328730"},{"taxonomy":"product_tag","embeddable":true,"href":"https:\/\/gajos.sk\/eshop\/wp-json\/wp\/v2\/product_tag?post=328730"}],"curies":[{"name":"wp","href":"https:\/\/api.w.org\/{rel}","templated":true}]}}