{"id":328700,"date":"2024-03-01T18:21:23","date_gmt":"2024-03-01T17:21:23","guid":{"rendered":"https:\/\/gajostest.a2hosted.com\/eshop\/sitta-3-4-rukavice-nitril\/"},"modified":"2026-04-25T21:10:45","modified_gmt":"2026-04-25T19:10:45","slug":"sitta-3-4-rukavice-nitril","status":"publish","type":"product","link":"https:\/\/gajos.sk\/eshop\/p\/sitta-3-4-rukavice-nitril\/","title":{"rendered":"SITTA 3\/4 rukavice nitril"},"content":{"rendered":"","protected":false},"excerpt":{"rendered":"<p>Pleten\u00e9 bez\u0161vov\u00e9 rukavice. Fluorescen\u010dn\u00e1 farba zais\u0165uje vysok\u00fa vidite\u013enos\u0165 u\u017e\u00edvate\u013ea. 3\/4 nitrilov\u00e9 povrstvenie zais\u0165uje odolnos\u0165 vo\u010di olejom. Mo\u017eno ich pou\u017ei\u0165 v kombin\u00e1cii s ruk\u00e1vnikom Glareola.<\/p>\n","protected":false},"featured_media":328702,"template":"","meta":{"_acf_changed":false,"inline_featured_image":false},"product_brand":[],"product_cat":[2175],"product_tag":[1179],"class_list":{"0":"post-328700","1":"product","2":"type-product","3":"status-publish","4":"has-post-thumbnail","6":"product_cat-produkty","7":"product_tag-cerva","8":"pa_velkost-3050","9":"pa_velkost-3051","10":"pa_velkost-3052","11":"pa_velkost-3057","12":"pa_velkost-3058","13":"pa_velkost-3062","15":"first","16":"instock","17":"taxable","18":"shipping-taxable","19":"purchasable","20":"product-type-variable"},"acf":[],"_links":{"self":[{"href":"https:\/\/gajos.sk\/eshop\/wp-json\/wp\/v2\/product\/328700","targetHints":{"allow":["GET"]}}],"collection":[{"href":"https:\/\/gajos.sk\/eshop\/wp-json\/wp\/v2\/product"}],"about":[{"href":"https:\/\/gajos.sk\/eshop\/wp-json\/wp\/v2\/types\/product"}],"wp:featuredmedia":[{"embeddable":true,"href":"https:\/\/gajos.sk\/eshop\/wp-json\/wp\/v2\/media\/328702"}],"wp:attachment":[{"href":"https:\/\/gajos.sk\/eshop\/wp-json\/wp\/v2\/media?parent=328700"}],"wp:term":[{"taxonomy":"product_brand","embeddable":true,"href":"https:\/\/gajos.sk\/eshop\/wp-json\/wp\/v2\/product_brand?post=328700"},{"taxonomy":"product_cat","embeddable":true,"href":"https:\/\/gajos.sk\/eshop\/wp-json\/wp\/v2\/product_cat?post=328700"},{"taxonomy":"product_tag","embeddable":true,"href":"https:\/\/gajos.sk\/eshop\/wp-json\/wp\/v2\/product_tag?post=328700"}],"curies":[{"name":"wp","href":"https:\/\/api.w.org\/{rel}","templated":true}]}}