{"id":328684,"date":"2024-03-01T18:21:11","date_gmt":"2024-03-01T17:21:11","guid":{"rendered":"https:\/\/gajostest.a2hosted.com\/eshop\/rallus-cutc-18gnitril-pu\/"},"modified":"2026-04-25T21:10:45","modified_gmt":"2026-04-25T19:10:45","slug":"rallus-cutc-18gnitril-pu","status":"publish","type":"product","link":"https:\/\/gajos.sk\/eshop\/p\/rallus-cutc-18gnitril-pu\/","title":{"rendered":"RALLUS cutC 18g,nitril\/PU"},"content":{"rendered":"","protected":false},"excerpt":{"rendered":"<p>Pleten\u00e9 bez\u0161vov\u00e9 rukavice, kateg\u00f3ria prerezu C, nitrilov\u00e9 povrstvenie s PU na vodnej b\u00e1zi so \u0161peci\u00e1ln\u00fdm zosilnen\u00edm medzi palcom a ukazov\u00e1kom pre dlh\u0161iu \u017eivotnos\u0165 rukavice. 18G \u00faplet zais\u0165uje perfektn\u00fa ergon\u00f3miu, perfektne pri\u013ene k ruke, pru\u017en\u00e1 man\u017eeta.<\/p>\n","protected":false},"featured_media":328686,"template":"","meta":{"_acf_changed":false,"inline_featured_image":false},"product_brand":[],"product_cat":[2175],"product_tag":[1179],"class_list":{"0":"post-328684","1":"product","2":"type-product","3":"status-publish","4":"has-post-thumbnail","6":"product_cat-produkty","7":"product_tag-cerva","8":"pa_velkost-3058","9":"pa_velkost-3062","10":"pa_velkost-3050","11":"pa_velkost-3051","12":"pa_velkost-3052","13":"pa_velkost-3057","15":"first","16":"instock","17":"taxable","18":"shipping-taxable","19":"purchasable","20":"product-type-variable"},"acf":[],"_links":{"self":[{"href":"https:\/\/gajos.sk\/eshop\/wp-json\/wp\/v2\/product\/328684","targetHints":{"allow":["GET"]}}],"collection":[{"href":"https:\/\/gajos.sk\/eshop\/wp-json\/wp\/v2\/product"}],"about":[{"href":"https:\/\/gajos.sk\/eshop\/wp-json\/wp\/v2\/types\/product"}],"wp:featuredmedia":[{"embeddable":true,"href":"https:\/\/gajos.sk\/eshop\/wp-json\/wp\/v2\/media\/328686"}],"wp:attachment":[{"href":"https:\/\/gajos.sk\/eshop\/wp-json\/wp\/v2\/media?parent=328684"}],"wp:term":[{"taxonomy":"product_brand","embeddable":true,"href":"https:\/\/gajos.sk\/eshop\/wp-json\/wp\/v2\/product_brand?post=328684"},{"taxonomy":"product_cat","embeddable":true,"href":"https:\/\/gajos.sk\/eshop\/wp-json\/wp\/v2\/product_cat?post=328684"},{"taxonomy":"product_tag","embeddable":true,"href":"https:\/\/gajos.sk\/eshop\/wp-json\/wp\/v2\/product_tag?post=328684"}],"curies":[{"name":"wp","href":"https:\/\/api.w.org\/{rel}","templated":true}]}}