{"id":328677,"date":"2024-03-01T18:21:09","date_gmt":"2024-03-01T17:21:09","guid":{"rendered":"https:\/\/gajostest.a2hosted.com\/eshop\/ff-rook-light-rukavice-blistr\/"},"modified":"2026-04-17T22:15:12","modified_gmt":"2026-04-17T20:15:12","slug":"ff-rook-light-rukavice-blistr","status":"publish","type":"product","link":"https:\/\/gajos.sk\/eshop\/p\/ff-rook-light-rukavice-blistr\/","title":{"rendered":"FF ROOK LIGHT rukavice blistr"},"content":{"rendered":"","protected":false},"excerpt":{"rendered":"<p>Pleten\u00e9 bez\u0161vov\u00e9 rukavice kateg\u00f3rie prerezu C, siv\u00fd PU na dlani a prstoch, pru\u017en\u00e1 man\u017eeta.<\/p>\n","protected":false},"featured_media":328679,"template":"","meta":{"_acf_changed":false,"inline_featured_image":false},"product_brand":[],"product_cat":[2175],"product_tag":[1228],"class_list":{"0":"post-328677","1":"product","2":"type-product","3":"status-publish","4":"has-post-thumbnail","6":"product_cat-produkty","7":"product_tag-fridrich-fridrich","8":"pa_velkost-3050","9":"pa_velkost-3051","10":"pa_velkost-3052","11":"pa_velkost-3057","12":"pa_velkost-3058","14":"first","15":"instock","16":"taxable","17":"shipping-taxable","18":"purchasable","19":"product-type-variable"},"acf":[],"_links":{"self":[{"href":"https:\/\/gajos.sk\/eshop\/wp-json\/wp\/v2\/product\/328677","targetHints":{"allow":["GET"]}}],"collection":[{"href":"https:\/\/gajos.sk\/eshop\/wp-json\/wp\/v2\/product"}],"about":[{"href":"https:\/\/gajos.sk\/eshop\/wp-json\/wp\/v2\/types\/product"}],"wp:featuredmedia":[{"embeddable":true,"href":"https:\/\/gajos.sk\/eshop\/wp-json\/wp\/v2\/media\/328679"}],"wp:attachment":[{"href":"https:\/\/gajos.sk\/eshop\/wp-json\/wp\/v2\/media?parent=328677"}],"wp:term":[{"taxonomy":"product_brand","embeddable":true,"href":"https:\/\/gajos.sk\/eshop\/wp-json\/wp\/v2\/product_brand?post=328677"},{"taxonomy":"product_cat","embeddable":true,"href":"https:\/\/gajos.sk\/eshop\/wp-json\/wp\/v2\/product_cat?post=328677"},{"taxonomy":"product_tag","embeddable":true,"href":"https:\/\/gajos.sk\/eshop\/wp-json\/wp\/v2\/product_tag?post=328677"}],"curies":[{"name":"wp","href":"https:\/\/api.w.org\/{rel}","templated":true}]}}