{"id":328608,"date":"2024-03-01T18:19:34","date_gmt":"2024-03-01T17:19:34","guid":{"rendered":"https:\/\/gajostest.a2hosted.com\/eshop\/stint-rukavice-cut-b-melir\/"},"modified":"2026-04-25T21:09:03","modified_gmt":"2026-04-25T19:09:03","slug":"stint-rukavice-cut-b-melir","status":"publish","type":"product","link":"https:\/\/gajos.sk\/eshop\/p\/stint-rukavice-cut-b-melir\/","title":{"rendered":"STINT rukavice cut B mel\u00edr"},"content":{"rendered":"","protected":false},"excerpt":{"rendered":"<p>Pleten\u00e9 bez\u0161vov\u00e9 rukavice kateg\u00f3rie prerezu B, siv\u00fd PU na dlani a prstoch.<\/p>\n","protected":false},"featured_media":328610,"template":"","meta":{"_acf_changed":false,"inline_featured_image":false},"product_brand":[],"product_cat":[2175],"product_tag":[1179],"class_list":{"0":"post-328608","1":"product","2":"type-product","3":"status-publish","4":"has-post-thumbnail","6":"product_cat-produkty","7":"product_tag-cerva","8":"pa_velkost-3057","9":"pa_velkost-3058","10":"pa_velkost-3050","11":"pa_velkost-3051","12":"pa_velkost-3052","14":"first","15":"instock","16":"taxable","17":"shipping-taxable","18":"purchasable","19":"product-type-variable"},"acf":[],"_links":{"self":[{"href":"https:\/\/gajos.sk\/eshop\/wp-json\/wp\/v2\/product\/328608","targetHints":{"allow":["GET"]}}],"collection":[{"href":"https:\/\/gajos.sk\/eshop\/wp-json\/wp\/v2\/product"}],"about":[{"href":"https:\/\/gajos.sk\/eshop\/wp-json\/wp\/v2\/types\/product"}],"wp:featuredmedia":[{"embeddable":true,"href":"https:\/\/gajos.sk\/eshop\/wp-json\/wp\/v2\/media\/328610"}],"wp:attachment":[{"href":"https:\/\/gajos.sk\/eshop\/wp-json\/wp\/v2\/media?parent=328608"}],"wp:term":[{"taxonomy":"product_brand","embeddable":true,"href":"https:\/\/gajos.sk\/eshop\/wp-json\/wp\/v2\/product_brand?post=328608"},{"taxonomy":"product_cat","embeddable":true,"href":"https:\/\/gajos.sk\/eshop\/wp-json\/wp\/v2\/product_cat?post=328608"},{"taxonomy":"product_tag","embeddable":true,"href":"https:\/\/gajos.sk\/eshop\/wp-json\/wp\/v2\/product_tag?post=328608"}],"curies":[{"name":"wp","href":"https:\/\/api.w.org\/{rel}","templated":true}]}}