{"id":328595,"date":"2024-03-01T18:19:28","date_gmt":"2024-03-01T17:19:28","guid":{"rendered":"https:\/\/gajostest.a2hosted.com\/eshop\/naevia-ruk-biele-dyneema-nylon\/"},"modified":"2026-04-25T21:08:47","modified_gmt":"2026-04-25T19:08:47","slug":"naevia-ruk-biele-dyneema-nylon","status":"publish","type":"product","link":"https:\/\/gajos.sk\/eshop\/p\/naevia-ruk-biele-dyneema-nylon\/","title":{"rendered":"NAEVIA ruk.biele Dyneema\/nylon"},"content":{"rendered":"","protected":false},"excerpt":{"rendered":"<p>Pleten\u00e9 bez\u0161vov\u00e9 rukavice s obsahom vl\u00e1kna DYNEEMA a nylonu s odolnos\u0165ou proti prerezu, s vrstvou bieleho PU v dlani a na prstoch.<\/p>\n","protected":false},"featured_media":328597,"template":"","meta":{"_acf_changed":false,"inline_featured_image":false},"product_brand":[],"product_cat":[2175],"product_tag":[1179],"class_list":{"0":"post-328595","1":"product","2":"type-product","3":"status-publish","4":"has-post-thumbnail","6":"product_cat-produkty","7":"product_tag-cerva","8":"pa_velkost-3050","9":"pa_velkost-3051","10":"pa_velkost-3052","12":"first","13":"instock","14":"taxable","15":"shipping-taxable","16":"purchasable","17":"product-type-variable"},"acf":[],"_links":{"self":[{"href":"https:\/\/gajos.sk\/eshop\/wp-json\/wp\/v2\/product\/328595","targetHints":{"allow":["GET"]}}],"collection":[{"href":"https:\/\/gajos.sk\/eshop\/wp-json\/wp\/v2\/product"}],"about":[{"href":"https:\/\/gajos.sk\/eshop\/wp-json\/wp\/v2\/types\/product"}],"wp:featuredmedia":[{"embeddable":true,"href":"https:\/\/gajos.sk\/eshop\/wp-json\/wp\/v2\/media\/328597"}],"wp:attachment":[{"href":"https:\/\/gajos.sk\/eshop\/wp-json\/wp\/v2\/media?parent=328595"}],"wp:term":[{"taxonomy":"product_brand","embeddable":true,"href":"https:\/\/gajos.sk\/eshop\/wp-json\/wp\/v2\/product_brand?post=328595"},{"taxonomy":"product_cat","embeddable":true,"href":"https:\/\/gajos.sk\/eshop\/wp-json\/wp\/v2\/product_cat?post=328595"},{"taxonomy":"product_tag","embeddable":true,"href":"https:\/\/gajos.sk\/eshop\/wp-json\/wp\/v2\/product_tag?post=328595"}],"curies":[{"name":"wp","href":"https:\/\/api.w.org\/{rel}","templated":true}]}}