{"id":328554,"date":"2024-03-01T18:19:07","date_gmt":"2024-03-01T17:19:07","guid":{"rendered":"https:\/\/gajostest.a2hosted.com\/eshop\/razorbill-ruk-plet-s-nit-kaucuk-sed\/"},"modified":"2026-04-25T21:08:47","modified_gmt":"2026-04-25T19:08:47","slug":"razorbill-ruk-plet-s-nit-kaucuk-sed","status":"publish","type":"product","link":"https:\/\/gajos.sk\/eshop\/p\/razorbill-ruk-plet-s-nit-kaucuk-sed\/","title":{"rendered":"RAZORBILL ruk.plet s nit.kau\u010duk -\u0161ed"},"content":{"rendered":"","protected":false},"excerpt":{"rendered":"<p>Pleten\u00e9, bez\u0161vov\u00e9 rukavice z modifikovan\u00e9ho sklenen\u00e9ho vl\u00e1kna, Spandexu a nylonu, s n\u00e1nosom HCT nitrilu v dlani a na prstoch a odolnos\u0165ou proti prerezu tr. C.<\/p>\n","protected":false},"featured_media":328556,"template":"","meta":{"_acf_changed":false,"inline_featured_image":false},"product_brand":[],"product_cat":[2175],"product_tag":[1179],"class_list":{"0":"post-328554","1":"product","2":"type-product","3":"status-publish","4":"has-post-thumbnail","6":"product_cat-produkty","7":"product_tag-cerva","8":"pa_velkost-3050","9":"pa_velkost-3051","10":"pa_velkost-3052","11":"pa_velkost-3057","12":"pa_velkost-3058","14":"first","15":"instock","16":"taxable","17":"shipping-taxable","18":"purchasable","19":"product-type-variable"},"acf":[],"_links":{"self":[{"href":"https:\/\/gajos.sk\/eshop\/wp-json\/wp\/v2\/product\/328554","targetHints":{"allow":["GET"]}}],"collection":[{"href":"https:\/\/gajos.sk\/eshop\/wp-json\/wp\/v2\/product"}],"about":[{"href":"https:\/\/gajos.sk\/eshop\/wp-json\/wp\/v2\/types\/product"}],"wp:featuredmedia":[{"embeddable":true,"href":"https:\/\/gajos.sk\/eshop\/wp-json\/wp\/v2\/media\/328556"}],"wp:attachment":[{"href":"https:\/\/gajos.sk\/eshop\/wp-json\/wp\/v2\/media?parent=328554"}],"wp:term":[{"taxonomy":"product_brand","embeddable":true,"href":"https:\/\/gajos.sk\/eshop\/wp-json\/wp\/v2\/product_brand?post=328554"},{"taxonomy":"product_cat","embeddable":true,"href":"https:\/\/gajos.sk\/eshop\/wp-json\/wp\/v2\/product_cat?post=328554"},{"taxonomy":"product_tag","embeddable":true,"href":"https:\/\/gajos.sk\/eshop\/wp-json\/wp\/v2\/product_tag?post=328554"}],"curies":[{"name":"wp","href":"https:\/\/api.w.org\/{rel}","templated":true}]}}