{"id":328548,"date":"2024-03-01T18:19:02","date_gmt":"2024-03-01T17:19:02","guid":{"rendered":"https:\/\/gajostest.a2hosted.com\/eshop\/cropper-strong-ruk-plet-synt-koza\/"},"modified":"2026-04-25T21:08:46","modified_gmt":"2026-04-25T19:08:46","slug":"cropper-strong-ruk-plet-synt-koza","status":"publish","type":"product","link":"https:\/\/gajos.sk\/eshop\/p\/cropper-strong-ruk-plet-synt-koza\/","title":{"rendered":"Cropper strong ruk.plet.synt.+ ko\u017ea"},"content":{"rendered":"","protected":false},"excerpt":{"rendered":"<p>Pleten\u00e9, bez\u0161vov\u00e9 rukavice z modifikovan\u00e9ho sklenen\u00e9ho vl\u00e1kna, Spandexu a nylonu, so zosilnen\u00edm z hov\u00e4dzej \u0161tiepenky v dlani a na prstoch, zdvojenou vrstvou medzi palcom a ukazov\u00e1kom, prekryt\u00fdmi \u0161pi\u010dkami prstov a odolnos\u0165ou proti prerezu tr. E.<\/p>\n","protected":false},"featured_media":328550,"template":"","meta":{"_acf_changed":false,"inline_featured_image":false},"product_brand":[],"product_cat":[2175],"product_tag":[1179],"class_list":{"0":"post-328548","1":"product","2":"type-product","3":"status-publish","4":"has-post-thumbnail","6":"product_cat-produkty","7":"product_tag-cerva","8":"pa_velkost-3051","9":"pa_velkost-3052","10":"pa_velkost-3057","11":"pa_velkost-3058","13":"first","14":"instock","15":"taxable","16":"shipping-taxable","17":"purchasable","18":"product-type-variable"},"acf":[],"_links":{"self":[{"href":"https:\/\/gajos.sk\/eshop\/wp-json\/wp\/v2\/product\/328548","targetHints":{"allow":["GET"]}}],"collection":[{"href":"https:\/\/gajos.sk\/eshop\/wp-json\/wp\/v2\/product"}],"about":[{"href":"https:\/\/gajos.sk\/eshop\/wp-json\/wp\/v2\/types\/product"}],"wp:featuredmedia":[{"embeddable":true,"href":"https:\/\/gajos.sk\/eshop\/wp-json\/wp\/v2\/media\/328550"}],"wp:attachment":[{"href":"https:\/\/gajos.sk\/eshop\/wp-json\/wp\/v2\/media?parent=328548"}],"wp:term":[{"taxonomy":"product_brand","embeddable":true,"href":"https:\/\/gajos.sk\/eshop\/wp-json\/wp\/v2\/product_brand?post=328548"},{"taxonomy":"product_cat","embeddable":true,"href":"https:\/\/gajos.sk\/eshop\/wp-json\/wp\/v2\/product_cat?post=328548"},{"taxonomy":"product_tag","embeddable":true,"href":"https:\/\/gajos.sk\/eshop\/wp-json\/wp\/v2\/product_tag?post=328548"}],"curies":[{"name":"wp","href":"https:\/\/api.w.org\/{rel}","templated":true}]}}